{"id":3756,"date":"2025-06-02T14:40:25","date_gmt":"2025-06-02T17:40:25","guid":{"rendered":"https:\/\/publica.art\/es\/?page_id=3756"},"modified":"2025-06-02T18:48:18","modified_gmt":"2025-06-02T21:48:18","slug":"show-de-drones","status":"publish","type":"page","link":"https:\/\/publica.art\/es\/show-de-drones\/","title":{"rendered":"Show de Drones"},"content":{"rendered":"\n<style>\n\n\/*RETIRAR BORDAS LATERAIS DA DESCRI\u00c7\u00c3O*\/\n.projeto-pad{padding:0px;}\n\n#menu-item-296 a {color: #0000ff !important; font-weight:bold;}\n\n#menu-item-186{\n    background-image: url(https:\/\/publica.art\/es\/wp-content\/uploads\/2024\/07\/PROYECTOS_BIC.png);\n    background-size:288px 75px;\n    background-repeat: no-repeat;\n    background-position:0 -1px, center;\n}\n#menu-item-186 > a{filter: opacity(0.2);}\n\n.conteudo-ficha{\ndisplay: none;\n}\n.conteudo-ficha-2{\ndisplay: none;\n}\n.conteudo-ficha-3{\ndisplay: none;\n}\n.conteudo-ficha-4{\ndisplay: none;\n}\n.conteudo-ficha-5{\ndisplay: none;\n}\n\n .inside-article{\n   font-family: \"ppppangrams-compact\", Arial, sans-serif;\n}\n\n.sp-tab__section_title_3755 {\ndisplay:none !important;\n}\n.separate-containers .inside-article{\npadding-top: 0px;\n}\n.no-sidebar:not(.archive):not(.blog) .inside-article > *{\nmax-width: 1000px;\n}\n.titulo-tab{\nfont-family: \"ppppangrams-bold\", Arial, sans-serif;\nfont-size: 5rem;\ncolor:#000;\n    text-decoration: underline 2px;\n    text-decoration-skip-ink: none;\ntext-underline-position: from-font;\nmargin-bottom:0px;\n-webkit-text-decoration-line: underline;\n}\n.credito-tab{\nfont-size: 10px;\n    flex: 1;\n    align-self: flex-end;\n}\n.tabela2{\nheight: 75vh;\n}\n\/*ALINHAR ANOS AO CONTE\u00daDO DE PROJETOS*\/\n\/*COMENTADO TER\u00c7A @media (max-width: 2559px)  {\n#sp-wp-tabs-wrapper_1196 .sp-tab__nav{\njustify-content: flex-start !important;\n    position: relative;\n    margin-left: 33% !important;\n}\n}\n@media (min-width: 2560px)  {\n#sp-wp-tabs-wrapper_1196 .sp-tab__nav{\n   margin-left: 25% !important;\n }\n} *\/\n\n\/*BOLD NO ANO DA TABELA*\/\n.sp-tab__tab_title{font-family: \"ppppangrams-bold\", Arial, sans-serif;}\n\n@media (max-width: 767px)  {\n.titulo-tab{font-family: \"ppppangrams-bold\", Arial, sans-serif; font-size: 3.0rem;}\n}\n\n.conteudo-ficha{padding-top: 10px;}\n\/*COMENTADO TER\u00c7A .ficha{height:250px;} *\/\n\n.imagem-esquerda{padding-right:0px}\n.imagem-direita{padding-left:0px;}\n\n\n@media (max-width: 767px){\n #ficha, #fichav2, .ficha{height: 60px;}\n.sp-tab__nav, #sp-wp-tabs-wrapper_1196 .sp-tab__nav{\n\t\tjustify-content: flex-start !important; \n     position: relative !important; \n\t\tmargin-left: 0% !important;\n\t}\n.descricao-2::-webkit-scrollbar {\n    width: 0px;\n}\n.ficha-desktop{display: none !important;}\n.ficha-mobile{display: block !important;}\n.descricao-2{padding-top: 0px !important;}\n.ficha{max-width: 350px !important;}\n\n\n}\n\n@media (min-width: 769px){\n.ficha-desktop{display: block !important;}\n.ficha-mobile{display: none !important;}\n}\n\n.ficha{max-width: 50%;}\n.fic{ text-align:left; margin-right:10px;}\n\n<\/style>\n\n\n<style id=\"sp_tab_dynamic_style3755\">#sp-wp-tabs-wrapper_3755 .sp-tab__nav {justify-content: start;}#sp-wp-tabs-wrapper_3755.sp-tab__lay-default.sp-tab__horizontal-bottom {display: flex;flex-direction: column-reverse;}#sp-wp-tabs-wrapper_3755.sp-tab__lay-default.sp-tab__horizontal-bottom > ul {border-top: 0px solid #ffffff;border-bottom: 0;margin-top: 0;}#sp-wp-tabs-wrapper_3755.sp-tab__lay-default.sp-tab__horizontal-bottom > ul > li label.sp-tab__active {border-color: transparent #ffffff#ffffff;margin-top: -0px;}#sp-wp-tabs-wrapper_3755.sp-tab__lay-default.sp-tab__horizontal-bottom > ul > li label,#sp-wp-tabs-wrapper_3755.sp-tab__lay-default.sp-tab__horizontal-bottom > ul > li a,#sp-wp-tabs-wrapper_3755.sp-tab__lay-default.sp-tab__horizontal-bottom > ul > .sp-tab__nav-item {border-top: 0;border-top-left-radius: 0;border-top-right-radius: 0;border-bottom-left-radius: 2px;border-bottom-right-radius: 2px;}#sp-wp-tabs-wrapper_3755.sp-tab__lay-default.sp-tab__horizontal-bottom > ul {border-bottom: none;}#sp-wp-tabs-wrapper_3755.sp-tab__lay-default.sp-tab__horizontal-bottom .sp-tab__tab-content .sp-tab__tab-pane {border-top: 0px none #ffffff;border-bottom: 0;}#sp-wp-tabs-wrapper_3755.sp-tab__lay-default .sp-tab__tab-content .sp-tab-content > ul,#sp-wp-tabs-wrapper_3755.sp-tab__lay-default .sp-tab__tab-content .sp-tab-content > ol {border-bottom: none;}#sp-wp-tabs-wrapper_3755 > .sp-tab__nav-tabs .sp-tab__nav-link.sp-tab__active .sp-tab__tab_title,#sp-wp-tabs-wrapper_3755.sp-tab__lay-default label > .sp-tab__card-header {color: #11fb02;}#sp-wp-tabs-wrapper_3755 > .sp-tab__nav-tabs > .sp-tab__nav-item.show .sp-tab__nav-link,#sp-wp-tabs-wrapper_3755 > .sp-tab__nav-tabs > .sp-tab__nav-item .sp-tab__nav-link.sp-tab__active,#sp-wp-tabs-wrapper_3755.sp-tab__lay-default label > .sp-tab__card-header {background-color: #fff;}#sp-wp-tabs-wrapper_3755 .sp-tab__nav-tabs .sp-tab__nav-item.show .sp-tab__nav-link,#sp-wp-tabs-wrapper_3755.sp-tab__lay-default ul li label.sp-tab__active {border-color: #ffffff#ffffff transparent;}#sp-wp-tabs-wrapper_3755.sp-tab__lay-default > ul > li > label,#sp-wp-tabs-wrapper_3755.sp-tab__lay-default > ul > li > a {cursor: pointer;border-color: #ffffff;padding-top: 15px;padding-right: 15px;padding-bottom: 15px;padding-left: 15px;}#sp-wp-tabs-wrapper_3755 > .sp-tab__nav-tabs .sp-tab__nav-link {border: 0px none #ffffff;height: 100%;}#sp-wp-tabs-wrapper_3755.sp-tab__lay-default > ul > li label,#sp-wp-tabs-wrapper_3755.sp-tab__lay-default > ul > li a,#sp-wp-tabs-wrapper_3755.sp-tab__lay-default > ul > .sp-tab__nav-item {border-top-left-radius: 2px;border-top-right-radius: 2px;}#sp-wp-tabs-wrapper_3755 .sp-tab__nav-tabs .sp-tab__nav-item {margin-bottom: -0px; }#sp-wp-tabs-wrapper_3755.sp-tab__lay-default > ul .sp-tab__nav-item,#sp-wp-tabs-wrapper_3755.sp-tab__lay-default label.collapsed > .sp-tab__card-header {background-color: #ffffff;}#sp-wp-tabs-wrapper_3755.sp-tab__lay-default > ul .sp-tab__nav-item {margin-right: 10px;margin-top: 5px;}#sp-wp-tabs-wrapper_3755.sp-tab__lay-default > ul .sp-tab__nav-item:last-child {margin-right: 0;}#sp-wp-tabs-wrapper_3755.sp-tab__lay-default > ul .sp-tab__nav-item label:hover .sp-tab__tab_title,#sp-wp-tabs-wrapper_3755.sp-tab__lay-default > ul .sp-tab__nav-item a:hover .sp-tab__tab_title,#sp-wp-tabs-wrapper_3755.sp-tab__lay-default label.collapsed .sp-tab__card-header:hover {color: #11fb02;transition: .3s;}#sp-wp-tabs-wrapper_3755.sp-tab__lay-default > ul .sp-tab__nav-item:hover,#sp-wp-tabs-wrapper_3755.sp-tab__lay-default label.collapsed > .sp-tab__card-header:hover {background-color: #fff;}#sp-wp-tabs-wrapper_3755.sp-tab__lay-default > .sp-tab__tab-content .sp-tab__tab-pane {border: 0px none #ffffff;padding-top: 20px;padding-right: 20px;padding-bottom: 20px;padding-left: 20px;border-top: 0px;background-color: #ffffff;}#sp-wp-tabs-wrapper_3755.sp-tab__lay-default > ul {border-bottom: 0px none #ffffff;}@media(max-width:480px) {#sp-wp-tabs-wrapper_3755.sp-tab__lay-default > ul li.sp-tab__nav-item {width: 100%;margin-right: 0px;}#sp-wp-tabs-wrapper_3755.sp-tab__lay-default > ul li.sp-tab__nav-item:last-child {margin-bottom: -1px;}}#poststuff h2.sp-tab__section_title_3755, h2.sp-tab__section_title_3755 ,.editor-styles-wrapper .wp-block h2.sp-tab__section_title_3755{margin-bottom: 30px !important;font-weight: 600;font-style: normal;font-size: 28px;line-height: 28px;letter-spacing: 0px;color: #444444;}#sp-wp-tabs-wrapper_3755.sp-tab__lay-default > ul .sp-tab__nav-item .sp-tab__tab_title,#sp-wp-tabs-wrapper_3755.sp-tab__lay-default label.collapsed > .sp-tab__card-header {font-weight: 600;font-style: normal;font-size: 16px;line-height: 22px;letter-spacing: 0px;color: #444;margin: 0px;}#sp-wp-tabs-wrapper_3755.sp-tab__lay-default > .sp-tab__tab-content .sp-tab__tab-pane {font-weight: 400;font-style: normal;font-size: 16px;line-height: 24px;letter-spacing: 0px;color: #444;}#sp-wp-tabs-wrapper_3755.sp-tab__lay-default > .sp-tab__tab-content .sp-tab__tab-pane ul li a, #sp-wp-tabs-wrapper_3755.sp-tab__lay-default .sp-tab__tab-content .sp-tab__tab-pane ol li a {color: #444;}<\/style>\t<h2 class=\"sp-tab__section_title_3755\"> Show de Drones<\/h2>\n\t\t\t<div id=\"sp-wp-tabs-wrapper_3755\" class=\"sp-tab__lay-default\" data-preloader=\"0\" data-activemode=\"tabs-activator-event-click\">\n\t\t\t<ul class=\"sp-tab__nav sp-tab__nav-tabs\" id=\"sp-tab__ul\" role=\"tablist\">\n\t\t\t\t<li class=\"sp-tab__nav-item\" role=\"navigation\">\n\t\t\t\t<label class=\"sp-tab__nav-link sp-tab__active\" data-sptoggle=\"tab\" for=\"#tab-37551\" role=\"tab\" aria-controls=tab-37551 aria-selected=false>\n\t\t\t\t\t<span class=\"tab_title_area\"><H4 class=\"sp-tab__tab_title\">2023<\/H4><\/span>\n\t\t\t\t<\/label>\n\t\t\t<\/li>\n\t\t\t\t\t\t<li class=\"sp-tab__nav-item\" role=\"navigation\">\n\t\t\t\t<label class=\"sp-tab__nav-link\" data-sptoggle=\"tab\" for=\"#tab-37552\" role=\"tab\" aria-controls=tab-37552 aria-selected=false>\n\t\t\t\t\t<span class=\"tab_title_area\"><H4 class=\"sp-tab__tab_title\">2024<\/H4><\/span>\n\t\t\t\t<\/label>\n\t\t\t<\/li>\n\t\t\t<\/ul>\n<div class=\"sp-tab__tab-content\">\n\t\t\t\t<div id=\"tab-37551\" class=\"sp-tab__tab-pane sp-tab__show sp-tab__active\" role=\"tabpanel\">\n\t\t\t\t\t<div class=\"sp-tab-content\"><div class=\"row\">\n<div class=\"col-sm descricao-2\">\n<div class=\"row projeto-pad\">\n<div class=\"col-sm\">\n<div>\n<h2 class=\"titulo-tab\">Show de Drones<\/h2>\n<\/div>\n<div class=\"credito-tab\">[edi\u00e7\u00e3o <strong><em>2023]<\/em><\/strong> Belo Horizonte, MG | Brasil<\/div>\n<\/div>\n<\/div>\n<p>&nbsp;<\/p>\n<div class=\"projeto-pad\">\n<p><span style=\"font-weight: 400;\">En el cambio de a\u00f1o de 2023 a 2024, P\u00fablica realiz\u00f3 la direcci\u00f3n art\u00edstica y el gui\u00f3n del mayor espect\u00e1culo de drones realizado en Minas Gerais. El proyecto fue desarrollado y ejecutado en colaboraci\u00f3n con Festa da LUZ y MIR Est\u00fadio. Hubo m\u00e1s de 420 puntos de luz operados por Lumasky, recreando las animaciones dise\u00f1adas por MIR Est\u00fadio.<\/span><\/p>\n<\/div>\n<p>&nbsp;<\/p>\n<div id=\"btn-div\">\n<p><span id=\"texto-opaco\" style=\"bottom: 20%; font-size: 24px;\"><strong style=\"font-family: ppppangrams-bold, Arial, sans-serif;\">ficha t\u00e9cnica\u00a0 \u00a0 <img decoding=\"async\" id=\"img-olho\" class=\"\" src=\"https:\/\/publica.art\/wp-content\/uploads\/2023\/08\/olho-ficha.png\" width=\"75\" height=\"44\" \/><\/strong><\/span><\/p>\n<\/div>\n<div id=\"ficha\" class=\"ficha\">\n<div class=\"conteudo-ficha\">\n<div class=\"fic\">Dire\u00e7\u00e3o art\u00edstica e coordena\u00e7\u00e3o geral: Festa da Luz<br \/>\nCria\u00e7\u00e3o art\u00edstica: Est\u00fadio MIR<br \/>\nDrones: Lumasky Show<br \/>\nRevis\u00e3o de roteiro: Guilherme Lessa<br \/>\nSonoplastia: George<br \/>\nLocu\u00e7\u00e3o: Maur\u00edcio Tizumba<br \/>\nRealiza\u00e7\u00e3o: Chacoalha<br \/>\nV\u00eddeo: Thiago Santos<\/div>\n<\/div>\n<\/div>\n<p>&nbsp;<\/p>\n<p><img decoding=\"async\" class=\"alignnone wp-image-1271 size-full\" src=\"https:\/\/publica.art\/wp-content\/uploads\/2025\/05\/@fotothiago.jpg\" alt=\"\" width=\"2560\" height=\"1440\" \/><\/p>\n<p><img decoding=\"async\" class=\"alignnone wp-image-1271 size-full\" src=\"https:\/\/publica.art\/wp-content\/uploads\/2025\/05\/IMG_4081-Aprimorado-NR.jpg\" alt=\"\" width=\"2560\" height=\"1440\" \/><\/p>\n<p><img decoding=\"async\" class=\"alignnone wp-image-1271 size-full\" src=\"https:\/\/publica.art\/wp-content\/uploads\/2025\/05\/IMG_4117-Aprimorado-NR.jpg\" alt=\"\" width=\"2560\" height=\"1440\" \/><\/p>\n<p><img decoding=\"async\" class=\"alignnone wp-image-1274 size-full\" src=\"https:\/\/publica.art\/wp-content\/uploads\/2025\/05\/IMG_4156-Aprimorado-NR.jpg\" alt=\"\" width=\"1616\" height=\"1080\" \/><\/p>\n<p><img decoding=\"async\" class=\"alignnone wp-image-1271 size-full\" src=\"https:\/\/publica.art\/wp-content\/uploads\/2025\/05\/IMG_4187-Aprimorado-NR.jpg\" alt=\"\" width=\"2560\" height=\"1440\" \/><\/p>\n<p><img decoding=\"async\" class=\"alignnone wp-image-1271 size-full\" src=\"https:\/\/publica.art\/wp-content\/uploads\/2025\/05\/IMG_4212-Aprimorado-NR.jpg\" alt=\"\" width=\"2560\" height=\"1440\" \/><\/p>\n<p><img decoding=\"async\" class=\"alignnone wp-image-1271 size-full\" src=\"https:\/\/publica.art\/wp-content\/uploads\/2025\/05\/IMG_4217-Aprimorado-NR.jpg\" alt=\"\" width=\"2560\" height=\"1440\" \/><\/p>\n<\/div>\n<\/div>\n<\/div>\n\t\t\t\t<\/div>\n\t\t\t\t\t\t\t\t<div id=\"tab-37552\" class=\"sp-tab__tab-pane \" role=\"tabpanel\">\n\t\t\t\t\t<div class=\"sp-tab-content\"><div class=\"row\">\n<div class=\"col-sm descricao-2\">\n<div class=\"row projeto-pad\">\n<div class=\"col-sm\">\n<div>\n<h2 class=\"titulo-tab\">Show de Drones<\/h2>\n<\/div>\n<div class=\"credito-tab\">[edi\u00e7\u00e3o <strong><em>2024]<\/em><\/strong> Belo Horizonte, MG | Brasil<\/div>\n<\/div>\n<\/div>\n<p>&nbsp;<\/p>\n<div class=\"projeto-pad\">\n<p><span style=\"font-weight: 400;\">Despu\u00e9s del \u00e9xito del espect\u00e1culo de drones en el cambio de 2023 a 2024, P\u00fablica, junto con MIR Est\u00fadio, present\u00f3 dos nuevos espect\u00e1culos con 400 drones que iluminaron el cielo de BH en el cumplea\u00f1os de la ciudad, el 12 de diciembre, y en la Nochevieja. Esta vez, los drones formaron im\u00e1genes de s\u00edmbolos de la cultura de Minas Gerais, celebrando especialmente el queso, cuyo m\u00e9todo de producci\u00f3n fue reconocido como patrimonio inmaterial de la humanidad por la UNESCO. El proyecto tuvo gran repercusi\u00f3n en la prensa y las redes sociales.<\/span><\/p>\n<\/div>\n<p>&nbsp;<\/p>\n<div id=\"btn-div-2\">\n<p><span id=\"texto-opaco-2\" style=\"bottom: 20%; font-size: 24px;\"><strong style=\"font-family: ppppangrams-bold, Arial, sans-serif;\">ficha t\u00e9cnica\u00a0 \u00a0 <img decoding=\"async\" id=\"img-olho-2\" class=\"\" src=\"https:\/\/publica.art\/wp-content\/uploads\/2023\/08\/olho-ficha.png\" width=\"75\" height=\"44\" \/><\/strong><\/span><\/p>\n<\/div>\n<div id=\"ficha-2\" class=\"ficha-2\">\n<div class=\"conteudo-ficha-2\">\n<div class=\"fic\">Dire\u00e7\u00e3o Geral : Dalila Bastos, Gabriel Assad, Juliana Flores, Mari Campos, Matheus Rocha, Victor Diniz<br \/>\nDire\u00e7\u00e3o T\u00e9cnica: Festa da Luz e MIR Est\u00fadio<br \/>\nDrones: Lumasky Drone Show<br \/>\nLocu\u00e7\u00e3o: Rog\u00e9rio Flausino<br \/>\nSound Designer: George Faria<br \/>\nProdu\u00e7\u00e3o Executiva: Raquel Muguet<\/div>\n<\/div>\n<\/div>\n<p>&nbsp;<\/p>\n<figure class=\"wp-block-video\"><video src=\"https:\/\/publica.art\/es\/wp-content\/uploads\/2025\/08\/ANIVERSARIO_BH_2024_18_39.mp4\" autoplay=\"autoplay\" loop=\"loop\" width=\"1920\" height=\"auto\"><\/video><\/figure>\n<\/div>\n<\/div>\n<\/div>\n\t\t\t\t<\/div>\n\t\t\t\t<\/div>\n\t\t<\/div>\n\t\t\n\n\n\n<script>\n\nvar btn = document.getElementById('btn-div');\nvar container = document.querySelector('.conteudo-ficha');\nbtn.addEventListener('click', function() {\n    \n  if(container.style.display === 'block') {\n      container.style.display = 'none';\ndocument.getElementById(\"texto-opaco\").style.color = \"#0000ff\";\ndocument.getElementById(\"img-olho\").style.filter = \"opacity(1)\";\ndocument.getElementById(\"texto-opaco\").style.filter = \"opacity(1)\";\ndocument.getElementById(\"ficha\").style.height = \"6px\";\ndocument.getElementById(\"img-olho\").src = \"https:\/\/publica.art\/wp-content\/uploads\/2023\/08\/olho-ficha.png\";\n  } else {\n      container.style.display = 'block';\ndocument.getElementById(\"texto-opaco\").style.filter = \"opacity(0.7)\";\ndocument.getElementById(\"texto-opaco\").style.color = \"#d5d1d1\";\ndocument.getElementById(\"img-olho\").style.filter = \"opacity(1)\";\ndocument.getElementById(\"ficha\").style.height = \"250px\";\ndocument.getElementById(\"img-olho\").src = \"https:\/\/publica.art\/wp-content\/uploads\/2023\/09\/olho-cinza.png\";\n  }\n});\n\nvar btnv1 = document.getElementById('btn-divv1');\nvar containerv1 = document.querySelector('.conteudo-fichav1');\nbtnv1.addEventListener('click', function() {\n    \n  if(containerv1.style.display === 'block') {\n      containerv1.style.display = 'none';\ndocument.getElementById(\"texto-opacov1\").style.color = \"#0000ff\";\ndocument.getElementById(\"img-olhov1\").style.filter = \"opacity(1)\";\ndocument.getElementById(\"texto-opacov1\").style.filter = \"opacity(1)\";\ndocument.getElementById(\"fichav1\").style.height = \"60px\";\n  } else {\n      containerv1.style.display = 'block';\ndocument.getElementById(\"texto-opacov1\").style.filter = \"opacity(0.1)\";\ndocument.getElementById(\"img-olhov1\").style.filter = \"opacity(0.5)\";\ndocument.getElementById(\"fichav1\").style.height = \"250px\";\ndocument.getElementById(\"fichav1\").style.width = \"310px\";\n  }\n});\n\n<\/script>\n\n\n\n<script>\n\nvar btn2 = document.getElementById('btn-div-2');\nvar container2 = document.querySelector('.conteudo-ficha-2');\nbtn2.addEventListener('click', function() {\n    \n  if(container2.style.display === 'block') {\n      container2.style.display = 'none';\ndocument.getElementById(\"texto-opaco-2\").style.color = \"#0000ff\";\ndocument.getElementById(\"img-olho\").style.filter = \"opacity(1)\";\ndocument.getElementById(\"texto-opaco-2\").style.filter = \"opacity(1)\";\ndocument.getElementById(\"ficha-2\").style.height = \"6px\";\n\n  } else { \n      container2.style.display = 'block';\ndocument.getElementById(\"texto-opaco-2\").style.filter = \"opacity(0.1)\";\ndocument.getElementById(\"img-olho\").style.filter = \"opacity(0.5)\";\ndocument.getElementById(\"ficha-2\").style.height = \"250px\";\n  }\n});\n\n<\/script>\n\n\n\n<script>\n\nvar btn3 = document.getElementById('btn-div-3');\nvar container3 = document.querySelector('.conteudo-ficha-3');\nbtn3.addEventListener('click', function() {\n    \n  if(container3.style.display === 'block') {\n      container3.style.display = 'none';\ndocument.getElementById(\"texto-opaco-3\").style.color = \"#0000ff\";\ndocument.getElementById(\"img-olho\").style.filter = \"opacity(1)\";\ndocument.getElementById(\"texto-opaco-3\").style.filter = \"opacity(1)\";\ndocument.getElementById(\"ficha-3\").style.height = \"6px\";\n  } else {\n      container3.style.display = 'block';\ndocument.getElementById(\"texto-opaco-3\").style.filter = \"opacity(0.1)\";\ndocument.getElementById(\"img-olho\").style.filter = \"opacity(0.5)\";\ndocument.getElementById(\"ficha-3\").style.height = \"250px\";\n  }\n});\n\n<\/script>\n","protected":false},"excerpt":{"rendered":"","protected":false},"author":1,"featured_media":0,"parent":0,"menu_order":0,"comment_status":"closed","ping_status":"closed","template":"","meta":{"footnotes":""},"class_list":{"0":"post-3756","1":"page","2":"type-page","3":"status-publish","5":"infinite-scroll-item","6":"no-featured-image-padding"},"yoast_head":"<!-- This site is optimized with the Yoast SEO plugin v21.7 - https:\/\/yoast.com\/wordpress\/plugins\/seo\/ -->\n<title>Show de Drones - publica<\/title>\n<meta name=\"robots\" content=\"index, follow, max-snippet:-1, max-image-preview:large, max-video-preview:-1\" \/>\n<link rel=\"canonical\" href=\"https:\/\/publica.art\/es\/show-de-drones\/\" \/>\n<meta property=\"og:locale\" content=\"pt_BR\" \/>\n<meta property=\"og:type\" content=\"article\" \/>\n<meta property=\"og:title\" content=\"Show de Drones - publica\" \/>\n<meta property=\"og:url\" content=\"https:\/\/publica.art\/es\/show-de-drones\/\" \/>\n<meta property=\"og:site_name\" content=\"publica\" \/>\n<meta property=\"article:modified_time\" content=\"2025-06-02T21:48:18+00:00\" \/>\n<meta name=\"twitter:card\" content=\"summary_large_image\" \/>\n<meta name=\"twitter:label1\" content=\"Est. tempo de leitura\" \/>\n\t<meta name=\"twitter:data1\" content=\"1 minuto\" \/>\n<script type=\"application\/ld+json\" class=\"yoast-schema-graph\">{\"@context\":\"https:\/\/schema.org\",\"@graph\":[{\"@type\":\"WebPage\",\"@id\":\"https:\/\/publica.art\/es\/show-de-drones\/\",\"url\":\"https:\/\/publica.art\/es\/show-de-drones\/\",\"name\":\"Show de Drones - publica\",\"isPartOf\":{\"@id\":\"https:\/\/publica.art\/es\/#website\"},\"datePublished\":\"2025-06-02T17:40:25+00:00\",\"dateModified\":\"2025-06-02T21:48:18+00:00\",\"breadcrumb\":{\"@id\":\"https:\/\/publica.art\/es\/show-de-drones\/#breadcrumb\"},\"inLanguage\":\"pt-BR\",\"potentialAction\":[{\"@type\":\"ReadAction\",\"target\":[\"https:\/\/publica.art\/es\/show-de-drones\/\"]}]},{\"@type\":\"BreadcrumbList\",\"@id\":\"https:\/\/publica.art\/es\/show-de-drones\/#breadcrumb\",\"itemListElement\":[{\"@type\":\"ListItem\",\"position\":1,\"name\":\"In\u00edcio\",\"item\":\"https:\/\/publica.art\/es\/\"},{\"@type\":\"ListItem\",\"position\":2,\"name\":\"Show de Drones\"}]},{\"@type\":\"WebSite\",\"@id\":\"https:\/\/publica.art\/es\/#website\",\"url\":\"https:\/\/publica.art\/es\/\",\"name\":\"publica\",\"description\":\"&lt;s&gt;&lt;i&gt;[agencia&lt;\/i&gt; de&lt;\/s&gt; &lt;b&gt;arte&lt;i&gt;]&lt;\/i&gt;&lt;\/b&gt;\",\"publisher\":{\"@id\":\"https:\/\/publica.art\/es\/#organization\"},\"potentialAction\":[{\"@type\":\"SearchAction\",\"target\":{\"@type\":\"EntryPoint\",\"urlTemplate\":\"https:\/\/publica.art\/es\/?s={search_term_string}\"},\"query-input\":\"required name=search_term_string\"}],\"inLanguage\":\"pt-BR\"},{\"@type\":\"Organization\",\"@id\":\"https:\/\/publica.art\/es\/#organization\",\"name\":\"publica\",\"url\":\"https:\/\/publica.art\/es\/\",\"logo\":{\"@type\":\"ImageObject\",\"inLanguage\":\"pt-BR\",\"@id\":\"https:\/\/publica.art\/es\/#\/schema\/logo\/image\/\",\"url\":\"https:\/\/publica.art\/es\/wp-content\/uploads\/2023\/06\/site-publica-23-11.png\",\"contentUrl\":\"https:\/\/publica.art\/es\/wp-content\/uploads\/2023\/06\/site-publica-23-11.png\",\"width\":259,\"height\":517,\"caption\":\"publica\"},\"image\":{\"@id\":\"https:\/\/publica.art\/es\/#\/schema\/logo\/image\/\"}}]}<\/script>\n<!-- \/ Yoast SEO plugin. -->","yoast_head_json":{"title":"Show de Drones - publica","robots":{"index":"index","follow":"follow","max-snippet":"max-snippet:-1","max-image-preview":"max-image-preview:large","max-video-preview":"max-video-preview:-1"},"canonical":"https:\/\/publica.art\/es\/show-de-drones\/","og_locale":"pt_BR","og_type":"article","og_title":"Show de Drones - publica","og_url":"https:\/\/publica.art\/es\/show-de-drones\/","og_site_name":"publica","article_modified_time":"2025-06-02T21:48:18+00:00","twitter_card":"summary_large_image","twitter_misc":{"Est. tempo de leitura":"1 minuto"},"schema":{"@context":"https:\/\/schema.org","@graph":[{"@type":"WebPage","@id":"https:\/\/publica.art\/es\/show-de-drones\/","url":"https:\/\/publica.art\/es\/show-de-drones\/","name":"Show de Drones - publica","isPartOf":{"@id":"https:\/\/publica.art\/es\/#website"},"datePublished":"2025-06-02T17:40:25+00:00","dateModified":"2025-06-02T21:48:18+00:00","breadcrumb":{"@id":"https:\/\/publica.art\/es\/show-de-drones\/#breadcrumb"},"inLanguage":"pt-BR","potentialAction":[{"@type":"ReadAction","target":["https:\/\/publica.art\/es\/show-de-drones\/"]}]},{"@type":"BreadcrumbList","@id":"https:\/\/publica.art\/es\/show-de-drones\/#breadcrumb","itemListElement":[{"@type":"ListItem","position":1,"name":"In\u00edcio","item":"https:\/\/publica.art\/es\/"},{"@type":"ListItem","position":2,"name":"Show de Drones"}]},{"@type":"WebSite","@id":"https:\/\/publica.art\/es\/#website","url":"https:\/\/publica.art\/es\/","name":"publica","description":"&lt;s&gt;&lt;i&gt;[agencia&lt;\/i&gt; de&lt;\/s&gt; &lt;b&gt;arte&lt;i&gt;]&lt;\/i&gt;&lt;\/b&gt;","publisher":{"@id":"https:\/\/publica.art\/es\/#organization"},"potentialAction":[{"@type":"SearchAction","target":{"@type":"EntryPoint","urlTemplate":"https:\/\/publica.art\/es\/?s={search_term_string}"},"query-input":"required name=search_term_string"}],"inLanguage":"pt-BR"},{"@type":"Organization","@id":"https:\/\/publica.art\/es\/#organization","name":"publica","url":"https:\/\/publica.art\/es\/","logo":{"@type":"ImageObject","inLanguage":"pt-BR","@id":"https:\/\/publica.art\/es\/#\/schema\/logo\/image\/","url":"https:\/\/publica.art\/es\/wp-content\/uploads\/2023\/06\/site-publica-23-11.png","contentUrl":"https:\/\/publica.art\/es\/wp-content\/uploads\/2023\/06\/site-publica-23-11.png","width":259,"height":517,"caption":"publica"},"image":{"@id":"https:\/\/publica.art\/es\/#\/schema\/logo\/image\/"}}]}},"_links":{"self":[{"href":"https:\/\/publica.art\/es\/wp-json\/wp\/v2\/pages\/3756","targetHints":{"allow":["GET"]}}],"collection":[{"href":"https:\/\/publica.art\/es\/wp-json\/wp\/v2\/pages"}],"about":[{"href":"https:\/\/publica.art\/es\/wp-json\/wp\/v2\/types\/page"}],"author":[{"embeddable":true,"href":"https:\/\/publica.art\/es\/wp-json\/wp\/v2\/users\/1"}],"replies":[{"embeddable":true,"href":"https:\/\/publica.art\/es\/wp-json\/wp\/v2\/comments?post=3756"}],"version-history":[{"count":3,"href":"https:\/\/publica.art\/es\/wp-json\/wp\/v2\/pages\/3756\/revisions"}],"predecessor-version":[{"id":3785,"href":"https:\/\/publica.art\/es\/wp-json\/wp\/v2\/pages\/3756\/revisions\/3785"}],"wp:attachment":[{"href":"https:\/\/publica.art\/es\/wp-json\/wp\/v2\/media?parent=3756"}],"curies":[{"name":"wp","href":"https:\/\/api.w.org\/{rel}","templated":true}]}}