{"id":1920,"date":"2023-09-01T17:46:58","date_gmt":"2023-09-01T20:46:58","guid":{"rendered":"https:\/\/publica.art\/es\/?page_id=1920"},"modified":"2024-07-31T10:41:00","modified_gmt":"2024-07-31T13:41:00","slug":"proyectos-comisionados","status":"publish","type":"page","link":"https:\/\/publica.art\/es\/proyectos-comisionados\/","title":{"rendered":"proyectos comisionados"},"content":{"rendered":"\n<style>\n\n\/*RETIRAR BORDAS LATERAIS DA DESCRI\u00c7\u00c3O*\/\n.projeto-pad{padding:0px;}\n\n#menu-item-281 a {color: #0000ff !important; font-weight:bold;}\n\n#menu-item-186{\n    background-image: url(https:\/\/publica.art\/es\/wp-content\/uploads\/2024\/07\/PROYECTOS_BIC.png);\n    background-size:344px 77px;\n    background-repeat: no-repeat;\n    background-position:0 -3px, center;\n    height:83px;\n}\n#menu-item-186 > a{filter: opacity(0.2);}\n\/*DEIXAR A GRAFIA DE PROJETO MAIS VISIVEL. PODE DEIXAR EM #FFFFFF PARA FICAR MAIS PALIDO*\/\n.main-navigation .main-nav ul li[class*=\"current-menu-\"] > a{\n\/\/background-color: #ffffff00;\ncolor: #000000d3;\n}\n\n.conteudo-ficha{\ndisplay: none;\n}\n.conteudo-ficha-2{\ndisplay: none;\n}\n.conteudo-ficha-3{\ndisplay: none;\n}\n.conteudo-ficha-4{\ndisplay: none;\n}\n.conteudo-ficha-5{\ndisplay: none;\n}\n\n .inside-article{\n   font-family: \"ppppangrams-compact\", Arial, sans-serif;\n}\n\n.sp-tab__section_title_1919 {\ndisplay:none !important;\n}\n.separate-containers .inside-article{\npadding-top: 0px;\n}\n.no-sidebar:not(.archive):not(.blog) .inside-article > *{\nmax-width: 1000px;\n}\n.titulo-tab{\nfont-family: \"ppppangrams-bold\", Arial, sans-serif;\nfont-size: 5rem;\ncolor:#000;\n    text-decoration: underline 2px;\n    text-decoration-skip-ink: none;\ntext-underline-position: from-font;\nmargin-bottom:0px;\n-webkit-text-decoration-line: underline;\n}\n.credito-tab{\nfont-size: 10px;\n    flex: 1;\n    align-self: flex-end;\n}\n.tabela2{\nheight: 75vh;\n}\n\n\/* COMENTADO TER\u00c7A #sp-wp-tabs-wrapper_1919 .sp-tab__nav{\njustify-content: flex-start !important;\n    position: relative;\n    margin-left: 33% !important;\n} \n@media (min-width: 2560px)  {\n #sp-wp-tabs-wrapper_1919 .sp-tab__nav{\n   margin-left: 25% !important;\n }\n} *\/\n\n\/*BOLD NO ANO DA TABELA*\/\n.sp-tab__tab_title{font-family: \"ppppangrams-bold\", Arial, sans-serif;}\n\n@media (max-width: 767px)  {\n.titulo-tab{font-family: \"ppppangrams-bold\", Arial, sans-serif; font-size: 3.0rem;}\n}\n\n.conteudo-ficha{padding-top: 0px;}\n\/* COMENTADO TER\u00c7A .ficha{height:250px;} *\/\n\n\/*ESPACAMENTO PARAGRAFO*\/\n.projeto-pad p{margin-bottom:10px;}\n\n.descricao-2 figure{margin-bottom: -4px;}\n\n.imagem-esquerda{padding-right:0px}\n.imagem-direita{padding-left:0px;}\n\n<\/style>\n\n\n<style id=\"sp_tab_dynamic_style1919\">#sp-wp-tabs-wrapper_1919 .sp-tab__nav {justify-content: start;}#sp-wp-tabs-wrapper_1919.sp-tab__lay-default.sp-tab__horizontal-bottom {display: flex;flex-direction: column-reverse;}#sp-wp-tabs-wrapper_1919.sp-tab__lay-default.sp-tab__horizontal-bottom > ul {border-top: 0px solid #ffffff;border-bottom: 0;margin-top: 0;}#sp-wp-tabs-wrapper_1919.sp-tab__lay-default.sp-tab__horizontal-bottom > ul > li label.sp-tab__active {border-color: transparent #ffffff#ffffff;margin-top: -0px;}#sp-wp-tabs-wrapper_1919.sp-tab__lay-default.sp-tab__horizontal-bottom > ul > li label,#sp-wp-tabs-wrapper_1919.sp-tab__lay-default.sp-tab__horizontal-bottom > ul > li a,#sp-wp-tabs-wrapper_1919.sp-tab__lay-default.sp-tab__horizontal-bottom > ul > .sp-tab__nav-item {border-top: 0;border-top-left-radius: 0;border-top-right-radius: 0;border-bottom-left-radius: 2px;border-bottom-right-radius: 2px;}#sp-wp-tabs-wrapper_1919.sp-tab__lay-default.sp-tab__horizontal-bottom > ul {border-bottom: none;}#sp-wp-tabs-wrapper_1919.sp-tab__lay-default.sp-tab__horizontal-bottom .sp-tab__tab-content .sp-tab__tab-pane {border-top: 0px none #ffffff;border-bottom: 0;}#sp-wp-tabs-wrapper_1919.sp-tab__lay-default .sp-tab__tab-content .sp-tab-content > ul,#sp-wp-tabs-wrapper_1919.sp-tab__lay-default .sp-tab__tab-content .sp-tab-content > ol {border-bottom: none;}#sp-wp-tabs-wrapper_1919 > .sp-tab__nav-tabs .sp-tab__nav-link.sp-tab__active .sp-tab__tab_title,#sp-wp-tabs-wrapper_1919.sp-tab__lay-default label > .sp-tab__card-header {color: #11fb02;}#sp-wp-tabs-wrapper_1919 > .sp-tab__nav-tabs > .sp-tab__nav-item.show .sp-tab__nav-link,#sp-wp-tabs-wrapper_1919 > .sp-tab__nav-tabs > .sp-tab__nav-item .sp-tab__nav-link.sp-tab__active,#sp-wp-tabs-wrapper_1919.sp-tab__lay-default label > .sp-tab__card-header {background-color: #fff;}#sp-wp-tabs-wrapper_1919 .sp-tab__nav-tabs .sp-tab__nav-item.show .sp-tab__nav-link,#sp-wp-tabs-wrapper_1919.sp-tab__lay-default ul li label.sp-tab__active {border-color: #ffffff#ffffff transparent;}#sp-wp-tabs-wrapper_1919.sp-tab__lay-default > ul > li > label,#sp-wp-tabs-wrapper_1919.sp-tab__lay-default > ul > li > a {cursor: pointer;border-color: #ffffff;padding-top: 15px;padding-right: 15px;padding-bottom: 15px;padding-left: 15px;}#sp-wp-tabs-wrapper_1919 > .sp-tab__nav-tabs .sp-tab__nav-link {border: 0px none #ffffff;height: 100%;}#sp-wp-tabs-wrapper_1919.sp-tab__lay-default > ul > li label,#sp-wp-tabs-wrapper_1919.sp-tab__lay-default > ul > li a,#sp-wp-tabs-wrapper_1919.sp-tab__lay-default > ul > .sp-tab__nav-item {border-top-left-radius: 2px;border-top-right-radius: 2px;}#sp-wp-tabs-wrapper_1919 .sp-tab__nav-tabs .sp-tab__nav-item {margin-bottom: -0px; }#sp-wp-tabs-wrapper_1919.sp-tab__lay-default > ul .sp-tab__nav-item,#sp-wp-tabs-wrapper_1919.sp-tab__lay-default label.collapsed > .sp-tab__card-header {background-color: #ffffff;}#sp-wp-tabs-wrapper_1919.sp-tab__lay-default > ul .sp-tab__nav-item {margin-right: 10px;margin-top: 5px;}#sp-wp-tabs-wrapper_1919.sp-tab__lay-default > ul .sp-tab__nav-item:last-child {margin-right: 0;}#sp-wp-tabs-wrapper_1919.sp-tab__lay-default > ul .sp-tab__nav-item label:hover .sp-tab__tab_title,#sp-wp-tabs-wrapper_1919.sp-tab__lay-default > ul .sp-tab__nav-item a:hover .sp-tab__tab_title,#sp-wp-tabs-wrapper_1919.sp-tab__lay-default label.collapsed .sp-tab__card-header:hover {color: #11fb02;transition: .3s;}#sp-wp-tabs-wrapper_1919.sp-tab__lay-default > ul .sp-tab__nav-item:hover,#sp-wp-tabs-wrapper_1919.sp-tab__lay-default label.collapsed > .sp-tab__card-header:hover {background-color: #fff;}#sp-wp-tabs-wrapper_1919.sp-tab__lay-default > .sp-tab__tab-content .sp-tab__tab-pane {border: 0px none #ffffff;padding-top: 20px;padding-right: 20px;padding-bottom: 20px;padding-left: 20px;border-top: 0px;background-color: #ffffff;}#sp-wp-tabs-wrapper_1919.sp-tab__lay-default > ul {border-bottom: 0px none #ffffff;}@media(max-width:480px) {#sp-wp-tabs-wrapper_1919.sp-tab__lay-default > ul li.sp-tab__nav-item {width: 100%;margin-right: 0px;}#sp-wp-tabs-wrapper_1919.sp-tab__lay-default > ul li.sp-tab__nav-item:last-child {margin-bottom: -1px;}}#poststuff h2.sp-tab__section_title_1919, h2.sp-tab__section_title_1919 ,.editor-styles-wrapper .wp-block h2.sp-tab__section_title_1919{margin-bottom: 30px !important;font-weight: 600;font-style: normal;font-size: 28px;line-height: 28px;letter-spacing: 0px;color: #444444;}#sp-wp-tabs-wrapper_1919.sp-tab__lay-default > ul .sp-tab__nav-item .sp-tab__tab_title,#sp-wp-tabs-wrapper_1919.sp-tab__lay-default label.collapsed > .sp-tab__card-header {font-weight: 600;font-style: normal;font-size: 16px;line-height: 22px;letter-spacing: 0px;color: #444;margin: 0px;}#sp-wp-tabs-wrapper_1919.sp-tab__lay-default > .sp-tab__tab-content .sp-tab__tab-pane {font-weight: 400;font-style: normal;font-size: 16px;line-height: 24px;letter-spacing: 0px;color: #444;}#sp-wp-tabs-wrapper_1919.sp-tab__lay-default > .sp-tab__tab-content .sp-tab__tab-pane ul li a, #sp-wp-tabs-wrapper_1919.sp-tab__lay-default .sp-tab__tab-content .sp-tab__tab-pane ol li a {color: #444;}<\/style>\t<h2 class=\"sp-tab__section_title_1919\"> projetos comissionados<\/h2>\n\t\t\t<div id=\"sp-wp-tabs-wrapper_1919\" class=\"sp-tab__lay-default\" data-preloader=\"0\" data-activemode=\"tabs-activator-event-click\">\n\t\t\t<ul class=\"sp-tab__nav sp-tab__nav-tabs\" id=\"sp-tab__ul\" role=\"tablist\">\n\t\t\t\t<li class=\"sp-tab__nav-item\" role=\"navigation\">\n\t\t\t\t<label class=\"sp-tab__nav-link sp-tab__active\" data-sptoggle=\"tab\" for=\"#tab-19191\" role=\"tab\" aria-controls=tab-19191 aria-selected=false>\n\t\t\t\t\t<span class=\"tab_title_area\"><H4 class=\"sp-tab__tab_title\">2023<\/H4><\/span>\n\t\t\t\t<\/label>\n\t\t\t<\/li>\n\t\t\t<\/ul>\n<div class=\"sp-tab__tab-content\">\n\t\t\t\t<div id=\"tab-19191\" class=\"sp-tab__tab-pane sp-tab__show sp-tab__active\" role=\"tabpanel\">\n\t\t\t\t\t<div class=\"sp-tab-content\"><div class=\"row\">\n<div class=\"col-sm descricao-2\">\n<div class=\"row projeto-pad\">\n<div class=\"col-sm\">\n<div>\n<h2 class=\"titulo-tab\">proyectos comisionados<\/h2>\n<\/div>\n<div class=\"credito-tab\">[edici\u00f3n\u00a0<strong><em>2023<\/em><\/strong><strong><em>]<\/em><\/strong> Belo Horizonte, MG | Brasil<\/div>\n<\/div>\n<\/div>\n<p>&nbsp;<\/p>\n<div class=\"projeto-pad\">\n<p>Realizamos la curadur\u00eda y producci\u00f3n de obras e instalaciones de arte para clientes privados. Desde murales hasta instalaciones tecnol\u00f3gicas y videomapping.<\/p>\n<p>Hemos atendido a clientes como: Natura, Cemig, Ambev, GNT, CCBB, Sesc, ONG Gerando Falc\u00f5es, Localiza, Coral, The Town, Aeropuerto Internacional Gale\u00e3o y muchos otros.<\/p>\n<p>Realizamos la direcci\u00f3n art\u00edstica, curadur\u00eda y conectamos estas marcas con artistas nacionales como Pirilampos do Planeta (RJ), Acidum Project (CE), Davi \u2013 DMS (MG), Criola (MG), Fhero (MG), Mateu Velasco (RJ) y Thiago Mazza (MG), quienes crearon obras incre\u00edbles, basadas en sus identidades, en di\u00e1logo con los territorios indicados.<\/p>\n<\/div>\n<p><!--\n\n\n<div id=\"btn-div\">\n\n<span id=\"texto-opaco\" style=\"\/*position: absolute; bottom: 20%; font-size: 24px;\"><strong style=\"font-family: ppppangrams-bold, Arial, sans-serif;\">ficha t\u00e9cnica\u00a0 \u00a0 <img decoding=\"async\" id=\"img-olho\" class=\"\" src=\"https:\/\/publica.art\/es\/wp-content\/uploads\/2023\/08\/olho-ficha.png\" width=\"75\" height=\"44\" \/><\/strong><\/span>\n\n<\/div>\n\n\n\n\n<div id=\"ficha\" class=\"ficha\">\n\n\n<div class=\"conteudo-ficha\">\n\n\n<div class=\"fic\">\n\nPor aqui, realizamos a curadoria e produ\u00e7\u00e3o de obras de arte p\u00fablica para clientes privados.\nAlgumas de nossas parcerias foram Extra, Instagrafite, Ibis Hotel, Aeroporto Internacional do Gale\u00e3o, Shopping Xavantes e Boulevard Shopping.\nConectamos essas marcas aos artistas Acidum Project (CE), Davi - DMS (MG), Criola (MG), Fhero (MG), Mateu Velasco (RJ) e Mazza (MG) que, realizaram obras incr\u00edveis, a partir de suas identidades, em di\u00e1logo com os territ\u00f3rios indicados.\n\n<\/div>\n\n\n<\/div>\n\n\n<\/div>\n\n\n--><br \/>\n<img decoding=\"async\" class=\"alignnone wp-image-1269 size-full\" src=\"https:\/\/publica.art\/es\/wp-content\/uploads\/2023\/12\/2021-CRIOLA-GNTInstagrafite.jpg\" alt=\"\" width=\"2560\" height=\"1707\" \/><\/p>\n<p><img decoding=\"async\" class=\"alignnone wp-image-1269 size-full\" src=\"https:\/\/publica.art\/es\/wp-content\/uploads\/2023\/12\/RIOgaleo-28.06.18-21-scaled.jpg\" alt=\"\" width=\"2560\" height=\"1707\" \/><\/p>\n<p><img decoding=\"async\" class=\"alignnone wp-image-1269 size-full\" src=\"https:\/\/publica.art\/es\/wp-content\/uploads\/2023\/12\/Instagrafite-01-scaled.jpg\" alt=\"\" width=\"2560\" height=\"1707\" \/><\/p>\n<p><img decoding=\"async\" class=\"alignnone wp-image-1269 size-full\" src=\"https:\/\/publica.art\/es\/wp-content\/uploads\/2023\/12\/RIOgaleao-28.06.18-22-scaled.jpg\" alt=\"\" width=\"2560\" height=\"1707\" \/><\/p>\n<p><img decoding=\"async\" class=\"alignnone wp-image-1269 size-full\" src=\"https:\/\/publica.art\/es\/wp-content\/uploads\/2023\/12\/Confins-1-scaled.jpg\" alt=\"\" width=\"2560\" height=\"1707\" \/><\/p>\n<p><img decoding=\"async\" class=\"alignnone wp-image-1269 size-full\" src=\"https:\/\/publica.art\/es\/wp-content\/uploads\/2023\/12\/RIOgaleao-28.06.18-35-scaled.jpg\" alt=\"\" width=\"2560\" height=\"1707\" \/><\/p>\n<p><img decoding=\"async\" class=\"alignnone wp-image-1269 size-full\" src=\"https:\/\/publica.art\/es\/wp-content\/uploads\/2023\/12\/projetos-comissionados-02-n.jpg\" alt=\"\" width=\"2560\" height=\"1707\" \/><\/p>\n<p><img decoding=\"async\" class=\"alignnone wp-image-1271 size-full\" src=\"https:\/\/publica.art\/es\/wp-content\/uploads\/2023\/09\/projetos-comissionados-04.jpg\" alt=\"\" width=\"2560\" height=\"1440\" \/><\/p>\n<p><img decoding=\"async\" class=\"alignnone wp-image-1271 size-full\" src=\"https:\/\/publica.art\/es\/wp-content\/uploads\/2023\/09\/projetos-comissionados-05.jpg\" alt=\"\" width=\"2560\" height=\"1440\" \/><\/p>\n<p><img decoding=\"async\" class=\"alignnone wp-image-1274 size-full\" src=\"https:\/\/publica.art\/es\/wp-content\/uploads\/2023\/09\/projetos-comissionados-06.jpg\" alt=\"\" width=\"1616\" height=\"1080\" \/><\/p>\n<div class=\"row\">\n<div class=\"col-sm imagem-esquerda\"><img decoding=\"async\" class=\"alignnone wp-image-1271 size-full\" src=\"https:\/\/publica.art\/es\/wp-content\/uploads\/2023\/09\/projetos-comissionados-07.jpg\" alt=\"\" width=\"2560\" height=\"1440\" \/><\/div>\n<div class=\"col-sm imagem-direita\"><img decoding=\"async\" class=\"alignnone wp-image-1271 size-full\" src=\"https:\/\/publica.art\/es\/wp-content\/uploads\/2023\/09\/projetos-comissionados-08.jpg\" alt=\"\" width=\"2560\" height=\"1440\" \/><\/div>\n<\/div>\n<p><img decoding=\"async\" class=\"alignnone wp-image-1271 size-full\" src=\"https:\/\/publica.art\/es\/wp-content\/uploads\/2023\/09\/projetos-comissionados-09.jpg\" alt=\"\" width=\"2560\" height=\"1440\" \/><\/p>\n<p><img decoding=\"async\" class=\"alignnone wp-image-1271 size-full\" src=\"https:\/\/publica.art\/es\/wp-content\/uploads\/2023\/09\/projetos-comissionados-10.jpg\" alt=\"\" width=\"2560\" height=\"1440\" \/><br \/>\n<iframe title=\"YouTube video player\" src=\"https:\/\/www.youtube.com\/embed\/HDV2o7rGPkk?rel=0&amp;autoplay=1&amp;mute=1\" width=\"100%\" height=\"315\" frameborder=\"0\" allowfullscreen=\"allowfullscreen\"><\/iframe><\/p>\n<p><img decoding=\"async\" class=\"alignnone wp-image-1271 size-full\" src=\"https:\/\/publica.art\/es\/wp-content\/uploads\/2023\/12\/ibis-01.jpg\" alt=\"\" width=\"2560\" height=\"1440\" \/><\/p>\n<p><img decoding=\"async\" class=\"alignnone wp-image-1271 size-full\" src=\"https:\/\/publica.art\/es\/wp-content\/uploads\/2023\/12\/ibis-02.jpg\" alt=\"\" width=\"2560\" height=\"1440\" \/><\/p>\n<p><img decoding=\"async\" class=\"alignnone wp-image-1271 size-full\" src=\"https:\/\/publica.art\/es\/wp-content\/uploads\/2023\/12\/ibis-03.jpg\" alt=\"\" width=\"2560\" height=\"1440\" \/><\/p>\n<\/div>\n<\/div>\n<\/div>\n\t\t\t\t<\/div>\n\t\t\t\t<\/div>\n\t\t<\/div>\n\t\t\n\n\n\n<script>\n\nvar btn = document.getElementById('btn-div');\nvar container = document.querySelector('.conteudo-ficha');\nbtn.addEventListener('click', function() {\n    \n  if(container.style.display === 'block') {\n      container.style.display = 'none';\ndocument.getElementById(\"texto-opaco\").style.color = \"#0000ff\";\ndocument.getElementById(\"img-olho\").style.filter = \"opacity(1)\";\ndocument.getElementById(\"texto-opaco\").style.filter = \"opacity(1)\";\ndocument.getElementById(\"ficha\").style.height = \"6px\";\ndocument.getElementById(\"img-olho\").src = \"https:\/\/publica.art\/es\/wp-content\/uploads\/2023\/08\/olho-ficha.png\";\n  } else {\n      container.style.display = 'block';\ndocument.getElementById(\"texto-opaco\").style.filter = \"opacity(0.7)\";\ndocument.getElementById(\"texto-opaco\").style.color = \"#d5d1d1\";\ndocument.getElementById(\"img-olho\").style.color = \"#d5d1d1\";\ndocument.getElementById(\"img-olho\").style.filter = \"opacity(1)\";\ndocument.getElementById(\"ficha\").style.height = \"100px\";\ndocument.getElementById(\"img-olho\").src = \"https:\/\/publica.art\/es\/wp-content\/uploads\/2023\/09\/olho-cinza.png\";\n  }\n});\n\n<\/script>\n","protected":false},"excerpt":{"rendered":"","protected":false},"author":1,"featured_media":0,"parent":0,"menu_order":0,"comment_status":"closed","ping_status":"closed","template":"","meta":{"footnotes":""},"class_list":{"0":"post-1920","1":"page","2":"type-page","3":"status-publish","5":"infinite-scroll-item","6":"no-featured-image-padding"},"yoast_head":"<!-- This site is optimized with the Yoast SEO plugin v21.7 - https:\/\/yoast.com\/wordpress\/plugins\/seo\/ -->\n<title>proyectos comisionados - publica<\/title>\n<meta name=\"robots\" content=\"index, follow, max-snippet:-1, max-image-preview:large, max-video-preview:-1\" \/>\n<link rel=\"canonical\" href=\"https:\/\/publica.art\/es\/proyectos-comisionados\/\" \/>\n<meta property=\"og:locale\" content=\"pt_BR\" \/>\n<meta property=\"og:type\" content=\"article\" \/>\n<meta property=\"og:title\" content=\"proyectos comisionados - publica\" \/>\n<meta property=\"og:url\" content=\"https:\/\/publica.art\/es\/proyectos-comisionados\/\" \/>\n<meta property=\"og:site_name\" content=\"publica\" \/>\n<meta property=\"article:modified_time\" content=\"2024-07-31T13:41:00+00:00\" \/>\n<meta name=\"twitter:card\" content=\"summary_large_image\" \/>\n<meta name=\"twitter:label1\" content=\"Est. tempo de leitura\" \/>\n\t<meta name=\"twitter:data1\" content=\"1 minuto\" \/>\n<script type=\"application\/ld+json\" class=\"yoast-schema-graph\">{\"@context\":\"https:\/\/schema.org\",\"@graph\":[{\"@type\":\"WebPage\",\"@id\":\"https:\/\/publica.art\/es\/proyectos-comisionados\/\",\"url\":\"https:\/\/publica.art\/es\/proyectos-comisionados\/\",\"name\":\"proyectos comisionados - publica\",\"isPartOf\":{\"@id\":\"https:\/\/publica.art\/es\/#website\"},\"datePublished\":\"2023-09-01T20:46:58+00:00\",\"dateModified\":\"2024-07-31T13:41:00+00:00\",\"breadcrumb\":{\"@id\":\"https:\/\/publica.art\/es\/proyectos-comisionados\/#breadcrumb\"},\"inLanguage\":\"pt-BR\",\"potentialAction\":[{\"@type\":\"ReadAction\",\"target\":[\"https:\/\/publica.art\/es\/proyectos-comisionados\/\"]}]},{\"@type\":\"BreadcrumbList\",\"@id\":\"https:\/\/publica.art\/es\/proyectos-comisionados\/#breadcrumb\",\"itemListElement\":[{\"@type\":\"ListItem\",\"position\":1,\"name\":\"In\u00edcio\",\"item\":\"https:\/\/publica.art\/es\/\"},{\"@type\":\"ListItem\",\"position\":2,\"name\":\"proyectos comisionados\"}]},{\"@type\":\"WebSite\",\"@id\":\"https:\/\/publica.art\/es\/#website\",\"url\":\"https:\/\/publica.art\/es\/\",\"name\":\"publica\",\"description\":\"&lt;s&gt;&lt;i&gt;[agencia&lt;\/i&gt; de&lt;\/s&gt; &lt;b&gt;arte&lt;i&gt;]&lt;\/i&gt;&lt;\/b&gt;\",\"publisher\":{\"@id\":\"https:\/\/publica.art\/es\/#organization\"},\"potentialAction\":[{\"@type\":\"SearchAction\",\"target\":{\"@type\":\"EntryPoint\",\"urlTemplate\":\"https:\/\/publica.art\/es\/?s={search_term_string}\"},\"query-input\":\"required name=search_term_string\"}],\"inLanguage\":\"pt-BR\"},{\"@type\":\"Organization\",\"@id\":\"https:\/\/publica.art\/es\/#organization\",\"name\":\"publica\",\"url\":\"https:\/\/publica.art\/es\/\",\"logo\":{\"@type\":\"ImageObject\",\"inLanguage\":\"pt-BR\",\"@id\":\"https:\/\/publica.art\/es\/#\/schema\/logo\/image\/\",\"url\":\"https:\/\/publica.art\/es\/wp-content\/uploads\/2023\/06\/site-publica-23-11.png\",\"contentUrl\":\"https:\/\/publica.art\/es\/wp-content\/uploads\/2023\/06\/site-publica-23-11.png\",\"width\":259,\"height\":517,\"caption\":\"publica\"},\"image\":{\"@id\":\"https:\/\/publica.art\/es\/#\/schema\/logo\/image\/\"}}]}<\/script>\n<!-- \/ Yoast SEO plugin. -->","yoast_head_json":{"title":"proyectos comisionados - publica","robots":{"index":"index","follow":"follow","max-snippet":"max-snippet:-1","max-image-preview":"max-image-preview:large","max-video-preview":"max-video-preview:-1"},"canonical":"https:\/\/publica.art\/es\/proyectos-comisionados\/","og_locale":"pt_BR","og_type":"article","og_title":"proyectos comisionados - publica","og_url":"https:\/\/publica.art\/es\/proyectos-comisionados\/","og_site_name":"publica","article_modified_time":"2024-07-31T13:41:00+00:00","twitter_card":"summary_large_image","twitter_misc":{"Est. tempo de leitura":"1 minuto"},"schema":{"@context":"https:\/\/schema.org","@graph":[{"@type":"WebPage","@id":"https:\/\/publica.art\/es\/proyectos-comisionados\/","url":"https:\/\/publica.art\/es\/proyectos-comisionados\/","name":"proyectos comisionados - publica","isPartOf":{"@id":"https:\/\/publica.art\/es\/#website"},"datePublished":"2023-09-01T20:46:58+00:00","dateModified":"2024-07-31T13:41:00+00:00","breadcrumb":{"@id":"https:\/\/publica.art\/es\/proyectos-comisionados\/#breadcrumb"},"inLanguage":"pt-BR","potentialAction":[{"@type":"ReadAction","target":["https:\/\/publica.art\/es\/proyectos-comisionados\/"]}]},{"@type":"BreadcrumbList","@id":"https:\/\/publica.art\/es\/proyectos-comisionados\/#breadcrumb","itemListElement":[{"@type":"ListItem","position":1,"name":"In\u00edcio","item":"https:\/\/publica.art\/es\/"},{"@type":"ListItem","position":2,"name":"proyectos comisionados"}]},{"@type":"WebSite","@id":"https:\/\/publica.art\/es\/#website","url":"https:\/\/publica.art\/es\/","name":"publica","description":"&lt;s&gt;&lt;i&gt;[agencia&lt;\/i&gt; de&lt;\/s&gt; &lt;b&gt;arte&lt;i&gt;]&lt;\/i&gt;&lt;\/b&gt;","publisher":{"@id":"https:\/\/publica.art\/es\/#organization"},"potentialAction":[{"@type":"SearchAction","target":{"@type":"EntryPoint","urlTemplate":"https:\/\/publica.art\/es\/?s={search_term_string}"},"query-input":"required name=search_term_string"}],"inLanguage":"pt-BR"},{"@type":"Organization","@id":"https:\/\/publica.art\/es\/#organization","name":"publica","url":"https:\/\/publica.art\/es\/","logo":{"@type":"ImageObject","inLanguage":"pt-BR","@id":"https:\/\/publica.art\/es\/#\/schema\/logo\/image\/","url":"https:\/\/publica.art\/es\/wp-content\/uploads\/2023\/06\/site-publica-23-11.png","contentUrl":"https:\/\/publica.art\/es\/wp-content\/uploads\/2023\/06\/site-publica-23-11.png","width":259,"height":517,"caption":"publica"},"image":{"@id":"https:\/\/publica.art\/es\/#\/schema\/logo\/image\/"}}]}},"_links":{"self":[{"href":"https:\/\/publica.art\/es\/wp-json\/wp\/v2\/pages\/1920","targetHints":{"allow":["GET"]}}],"collection":[{"href":"https:\/\/publica.art\/es\/wp-json\/wp\/v2\/pages"}],"about":[{"href":"https:\/\/publica.art\/es\/wp-json\/wp\/v2\/types\/page"}],"author":[{"embeddable":true,"href":"https:\/\/publica.art\/es\/wp-json\/wp\/v2\/users\/1"}],"replies":[{"embeddable":true,"href":"https:\/\/publica.art\/es\/wp-json\/wp\/v2\/comments?post=1920"}],"version-history":[{"count":31,"href":"https:\/\/publica.art\/es\/wp-json\/wp\/v2\/pages\/1920\/revisions"}],"predecessor-version":[{"id":3650,"href":"https:\/\/publica.art\/es\/wp-json\/wp\/v2\/pages\/1920\/revisions\/3650"}],"wp:attachment":[{"href":"https:\/\/publica.art\/es\/wp-json\/wp\/v2\/media?parent=1920"}],"curies":[{"name":"wp","href":"https:\/\/api.w.org\/{rel}","templated":true}]}}