{"id":1861,"date":"2023-09-01T16:15:06","date_gmt":"2023-09-01T19:15:06","guid":{"rendered":"https:\/\/publica.art\/es\/?page_id=1861"},"modified":"2024-07-29T11:12:31","modified_gmt":"2024-07-29T14:12:31","slug":"favela-dos-sonhos","status":"publish","type":"page","link":"https:\/\/publica.art\/es\/favela-dos-sonhos\/","title":{"rendered":"favela dos sonhos"},"content":{"rendered":"\n<style>\n\/*RETIRAR BORDAS LATERAIS DA DESCRI\u00c7\u00c3O*\/\n.projeto-pad{padding:0px;}\n\n#menu-item-276 a {color: #0000ff !important; font-weight:bold;}\n\n#menu-item-186{\n    background-image: url(https:\/\/publica.art\/es\/wp-content\/uploads\/2024\/07\/PROYECTOS_BIC.png);\n    background-size:344px 77px;\n    background-repeat: no-repeat;\n    background-position:0 -3px, center;\n    height:83px;\n}\n#menu-item-186 > a{filter: opacity(0.2);}\n\/*DEIXAR A GRAFIA DE PROJETO MAIS VISIVEL. PODE DEIXAR EM #FFFFFF PARA FICAR MAIS PALIDO*\/\n.main-navigation .main-nav ul li[class*=\"current-menu-\"] > a{\n\/\/background-color: #ffffff00;\ncolor: #000000d3;\n}\n\n.conteudo-ficha{\ndisplay: none;\n}\n.conteudo-ficha-2{\ndisplay: none;\n}\n.conteudo-ficha-3{\ndisplay: none;\n}\n.conteudo-ficha-4{\ndisplay: none;\n}\n.conteudo-ficha-5{\ndisplay: none;\n}\n\n .inside-article{\n   font-family: \"ppppangrams-compact\", Arial, sans-serif;\n}\n\n.sp-tab__section_title_1836 {\ndisplay:none !important;\n}\n.separate-containers .inside-article{\npadding-top: 0px;\n}\n.no-sidebar:not(.archive):not(.blog) .inside-article > *{\nmax-width: 1000px;\n}\n.titulo-tab{\nfont-family: \"ppppangrams-bold\", Arial, sans-serif;\nfont-size: 5rem;\ncolor:#000;\n    text-decoration: underline 2px;\n    text-decoration-skip-ink: none;\n    text-underline-position: from-font;\nmargin-bottom:0px;\n-webkit-text-decoration-line: underline;\n}\n.credito-tab{\nfont-size: 10px;\n    flex: 1;\n    align-self: flex-end;\n}\n.tabela2{\nheight: 75vh;\n}\n\n\/* COMENTADO TER\u00c7A #sp-wp-tabs-wrapper_1836 .sp-tab__nav{\njustify-content: flex-start !important;\n    position: relative;\n    margin-left: 33% !important;\n} \n@media (min-width: 2560px)  {\n #sp-wp-tabs-wrapper_1836 .sp-tab__nav{\n   margin-left: 25% !important;\n }\n} *\/\n\n\/*BOLD NO ANO DA TABELA*\/\n.sp-tab__tab_title{font-family: \"ppppangrams-bold\", Arial, sans-serif;}\n\n@media (max-width: 767px)  {\n.titulo-tab{font-family: \"ppppangrams-bold\", Arial, sans-serif; font-size: 3.0rem;}\nimg{\n    position: relative;\n    margin-top: -1px;\n}\n}\n\n.conteudo-ficha{padding-top: 0px;}\n\/*COMENTADO TER\u00c7A .ficha{height:250px;} *\/\n\n.imagem-esquerda{padding-right:0px}\n.imagem-direita{padding-left:0px;}\n\n\/*ESPACAMENTO PARAGRAFO*\/\n.projeto-pad p{margin-bottom:10px;}\n\n.descricao-2 figure{margin-bottom: -8px;}\n\n#menu-item-3577 {\n    top: -15px;\n}\n\n<\/style>\n\n\n<style id=\"sp_tab_dynamic_style1836\">#sp-wp-tabs-wrapper_1836 .sp-tab__nav {justify-content: start;}#sp-wp-tabs-wrapper_1836.sp-tab__lay-default.sp-tab__horizontal-bottom {display: flex;flex-direction: column-reverse;}#sp-wp-tabs-wrapper_1836.sp-tab__lay-default.sp-tab__horizontal-bottom > ul {border-top: 0px solid #ffffff;border-bottom: 0;margin-top: 0;}#sp-wp-tabs-wrapper_1836.sp-tab__lay-default.sp-tab__horizontal-bottom > ul > li label.sp-tab__active {border-color: transparent #ffffff#ffffff;margin-top: -0px;}#sp-wp-tabs-wrapper_1836.sp-tab__lay-default.sp-tab__horizontal-bottom > ul > li label,#sp-wp-tabs-wrapper_1836.sp-tab__lay-default.sp-tab__horizontal-bottom > ul > li a,#sp-wp-tabs-wrapper_1836.sp-tab__lay-default.sp-tab__horizontal-bottom > ul > .sp-tab__nav-item {border-top: 0;border-top-left-radius: 0;border-top-right-radius: 0;border-bottom-left-radius: 2px;border-bottom-right-radius: 2px;}#sp-wp-tabs-wrapper_1836.sp-tab__lay-default.sp-tab__horizontal-bottom > ul {border-bottom: none;}#sp-wp-tabs-wrapper_1836.sp-tab__lay-default.sp-tab__horizontal-bottom .sp-tab__tab-content .sp-tab__tab-pane {border-top: 0px none #ffffff;border-bottom: 0;}#sp-wp-tabs-wrapper_1836.sp-tab__lay-default .sp-tab__tab-content .sp-tab-content > ul,#sp-wp-tabs-wrapper_1836.sp-tab__lay-default .sp-tab__tab-content .sp-tab-content > ol {border-bottom: none;}#sp-wp-tabs-wrapper_1836 > .sp-tab__nav-tabs .sp-tab__nav-link.sp-tab__active .sp-tab__tab_title,#sp-wp-tabs-wrapper_1836.sp-tab__lay-default label > .sp-tab__card-header {color: #11fb02;}#sp-wp-tabs-wrapper_1836 > .sp-tab__nav-tabs > .sp-tab__nav-item.show .sp-tab__nav-link,#sp-wp-tabs-wrapper_1836 > .sp-tab__nav-tabs > .sp-tab__nav-item .sp-tab__nav-link.sp-tab__active,#sp-wp-tabs-wrapper_1836.sp-tab__lay-default label > .sp-tab__card-header {background-color: #fff;}#sp-wp-tabs-wrapper_1836 .sp-tab__nav-tabs .sp-tab__nav-item.show .sp-tab__nav-link,#sp-wp-tabs-wrapper_1836.sp-tab__lay-default ul li label.sp-tab__active {border-color: #ffffff#ffffff transparent;}#sp-wp-tabs-wrapper_1836.sp-tab__lay-default > ul > li > label,#sp-wp-tabs-wrapper_1836.sp-tab__lay-default > ul > li > a {cursor: pointer;border-color: #ffffff;padding-top: 15px;padding-right: 15px;padding-bottom: 15px;padding-left: 15px;}#sp-wp-tabs-wrapper_1836 > .sp-tab__nav-tabs .sp-tab__nav-link {border: 0px none #ffffff;height: 100%;}#sp-wp-tabs-wrapper_1836.sp-tab__lay-default > ul > li label,#sp-wp-tabs-wrapper_1836.sp-tab__lay-default > ul > li a,#sp-wp-tabs-wrapper_1836.sp-tab__lay-default > ul > .sp-tab__nav-item {border-top-left-radius: 2px;border-top-right-radius: 2px;}#sp-wp-tabs-wrapper_1836 .sp-tab__nav-tabs .sp-tab__nav-item {margin-bottom: -0px; }#sp-wp-tabs-wrapper_1836.sp-tab__lay-default > ul .sp-tab__nav-item,#sp-wp-tabs-wrapper_1836.sp-tab__lay-default label.collapsed > .sp-tab__card-header {background-color: #ffffff;}#sp-wp-tabs-wrapper_1836.sp-tab__lay-default > ul .sp-tab__nav-item {margin-right: 10px;margin-top: 5px;}#sp-wp-tabs-wrapper_1836.sp-tab__lay-default > ul .sp-tab__nav-item:last-child {margin-right: 0;}#sp-wp-tabs-wrapper_1836.sp-tab__lay-default > ul .sp-tab__nav-item label:hover .sp-tab__tab_title,#sp-wp-tabs-wrapper_1836.sp-tab__lay-default > ul .sp-tab__nav-item a:hover .sp-tab__tab_title,#sp-wp-tabs-wrapper_1836.sp-tab__lay-default label.collapsed .sp-tab__card-header:hover {color: #11fb02;transition: .3s;}#sp-wp-tabs-wrapper_1836.sp-tab__lay-default > ul .sp-tab__nav-item:hover,#sp-wp-tabs-wrapper_1836.sp-tab__lay-default label.collapsed > .sp-tab__card-header:hover {background-color: #fff;}#sp-wp-tabs-wrapper_1836.sp-tab__lay-default > .sp-tab__tab-content .sp-tab__tab-pane {border: 0px none #ffffff;padding-top: 20px;padding-right: 20px;padding-bottom: 20px;padding-left: 20px;border-top: 0px;background-color: #ffffff;}#sp-wp-tabs-wrapper_1836.sp-tab__lay-default > ul {border-bottom: 0px none #ffffff;}@media(max-width:480px) {#sp-wp-tabs-wrapper_1836.sp-tab__lay-default > ul li.sp-tab__nav-item {width: 100%;margin-right: 0px;}#sp-wp-tabs-wrapper_1836.sp-tab__lay-default > ul li.sp-tab__nav-item:last-child {margin-bottom: -1px;}}#poststuff h2.sp-tab__section_title_1836, h2.sp-tab__section_title_1836 ,.editor-styles-wrapper .wp-block h2.sp-tab__section_title_1836{margin-bottom: 30px !important;font-weight: 600;font-style: normal;font-size: 28px;line-height: 28px;letter-spacing: 0px;color: #444444;}#sp-wp-tabs-wrapper_1836.sp-tab__lay-default > ul .sp-tab__nav-item .sp-tab__tab_title,#sp-wp-tabs-wrapper_1836.sp-tab__lay-default label.collapsed > .sp-tab__card-header {font-weight: 600;font-style: normal;font-size: 16px;line-height: 22px;letter-spacing: 0px;color: #444;margin: 0px;}#sp-wp-tabs-wrapper_1836.sp-tab__lay-default > .sp-tab__tab-content .sp-tab__tab-pane {font-weight: 400;font-style: normal;font-size: 16px;line-height: 24px;letter-spacing: 0px;color: #444;}#sp-wp-tabs-wrapper_1836.sp-tab__lay-default > .sp-tab__tab-content .sp-tab__tab-pane ul li a, #sp-wp-tabs-wrapper_1836.sp-tab__lay-default .sp-tab__tab-content .sp-tab__tab-pane ol li a {color: #444;}<\/style>\t<h2 class=\"sp-tab__section_title_1836\"> favela dos sonhos<\/h2>\n\t\t\t<div id=\"sp-wp-tabs-wrapper_1836\" class=\"sp-tab__lay-default\" data-preloader=\"0\" data-activemode=\"tabs-activator-event-click\">\n\t\t\t<ul class=\"sp-tab__nav sp-tab__nav-tabs\" id=\"sp-tab__ul\" role=\"tablist\">\n\t\t\t\t<li class=\"sp-tab__nav-item\" role=\"navigation\">\n\t\t\t\t<label class=\"sp-tab__nav-link sp-tab__active\" data-sptoggle=\"tab\" for=\"#tab-18361\" role=\"tab\" aria-controls=tab-18361 aria-selected=false>\n\t\t\t\t\t<span class=\"tab_title_area\"><H4 class=\"sp-tab__tab_title\">2022<\/H4><\/span>\n\t\t\t\t<\/label>\n\t\t\t<\/li>\n\t\t\t<\/ul>\n<div class=\"sp-tab__tab-content\">\n\t\t\t\t<div id=\"tab-18361\" class=\"sp-tab__tab-pane sp-tab__show sp-tab__active\" role=\"tabpanel\">\n\t\t\t\t\t<div class=\"sp-tab-content\"><div class=\"row\">\n<div class=\"col-sm descricao-2\">\n<div class=\"row projeto-pad\">\n<div class=\"col-sm\">\n<div>\n<h2 class=\"titulo-tab\">favela dos sonhos<\/h2>\n<\/div>\n<div class=\"credito-tab\">[edici\u00f2n <strong><em>2022<\/em><\/strong><strong><em>]<\/em><\/strong> Ferraz de Vasconcelos, S\u00e3o Paulo, SP | Brasil<\/div>\n<\/div>\n<\/div>\n<p>&nbsp;<\/p>\n<div class=\"projeto-pad\">\n<p>Galer\u00eda a cielo abierto en la comunidad del mismo nombre, ubicada en Ferraz de Vasconcelos, en la Gran S\u00e3o Paulo. La Favela dos Sonhos es uno de los territorios atendidos por el proyecto Favela 3D de la ONG Gerando Falc\u00f5es, que tiene como objetivo reestructurar las favelas para promover una transformaci\u00f3n completa, enfocada en mejorar la calidad de vida de sus habitantes sostenida sobre los pilares de los 3 D: Favela Digna, Digital y Desarrollada<br \/>\nEn esta galer\u00eda, P\u00fablica present\u00f3 a 16 artistas y colectivos locales y nacionales de graffiti y mural, as\u00ed como una instalaci\u00f3n de ne\u00f3n. A trav\u00e9s de una residencia art\u00edstica e intercambio intenso entre artistas y la comunidad, la propuesta fue crear una exhibici\u00f3n de arte en la que los residentes se reconocieran y que facilitara encuentros en el espacio p\u00fablico alrededor del arte, generando recuerdos afectivos, ampliando el sentido de comunidad y fortaleciendo v\u00ednculos.<\/p>\n<\/div>\n<p>&nbsp;<\/p>\n<div id=\"btn-div\">\n<p><span id=\"texto-opaco\" style=\"\/*position: absolute; bottom: 20%; font-size: 24px;\"><strong style=\"font-family: ppppangrams-bold, Arial, sans-serif;\">ficha t\u00e9cnica\u00a0 \u00a0 <img decoding=\"async\" id=\"img-olho\" class=\"\" src=\"https:\/\/publica.art\/es\/wp-content\/uploads\/2023\/08\/olho-ficha.png\" width=\"75\" height=\"44\" \/><\/strong><\/span><\/p>\n<\/div>\n<div id=\"ficha\" class=\"ficha\">\n<div class=\"conteudo-ficha\">\n<div class=\"fic\">\n<p>Direcci\u00f3n art\u00edstica y curadur\u00eda: Juliana Flores<br \/>\nProducci\u00f3n local: Germina Produ\u00e7\u00f5es<br \/>\nCoordinaci\u00f3n de campo: Let\u00edcia Souza<br \/>\nAsistentes de producci\u00f3n: Kari, Milena Santos y Joelma Campos<br \/>\nFoto y video: Fernando Biagioni<br \/>\nArtistas: Alex Senna (SP), Boz\u00f3 (PE), Criola (MG), Grupo Opni (SP), Hanna Lucatelli (SP), Jamaira Pacheco (BA), Kari (SP), Luna Bastos (PI), Mag Magrela (SP), Mariana Rodrigues (SP), Mazza (MG), Pegge (SP), Renata Felinto (SP), Robinho Santana (SP), Rodrigo Branco (SP), Serifa (SP) y Thiago Nevs (SP).<br \/>\nPatrocinio: Tintas Suvinil<br \/>\nRealizaci\u00f3n: Gerando Falc\u00f5es<\/p>\n<\/div>\n<\/div>\n<\/div>\n<p>&nbsp;<\/p>\n<div class=\"row\">\n<div class=\"col-sm imagem-esquerda\"><img decoding=\"async\" class=\"alignnone wp-image-1271 size-full\" src=\"https:\/\/publica.art\/es\/wp-content\/uploads\/2023\/09\/K68A4960.jpg\" alt=\"\" width=\"2560\" height=\"1440\" \/><\/div>\n<div class=\"col-sm imagem-direita\"><img decoding=\"async\" class=\"alignnone wp-image-1271 size-full\" src=\"https:\/\/publica.art\/es\/wp-content\/uploads\/2023\/09\/K68A5058-resize-v2.jpg\" alt=\"\" width=\"2560\" height=\"1440\" \/><\/div>\n<\/div>\n<div class=\"row\">\n<div class=\"col-sm imagem-esquerda\"><img decoding=\"async\" class=\"alignnone wp-image-1271 size-full\" src=\"https:\/\/publica.art\/es\/wp-content\/uploads\/2023\/09\/K68A5092.jpg\" alt=\"\" width=\"2560\" height=\"1440\" \/><\/div>\n<div class=\"col-sm imagem-direita\"><img decoding=\"async\" class=\"alignnone wp-image-1271 size-full\" src=\"https:\/\/publica.art\/es\/wp-content\/uploads\/2023\/09\/K68A5158.jpg\" alt=\"\" width=\"2560\" height=\"1440\" \/><\/div>\n<\/div>\n<p><img decoding=\"async\" class=\"alignnone wp-image-1269 size-full\" src=\"https:\/\/publica.art\/es\/wp-content\/uploads\/2023\/09\/favela-dos-sonhos-2022-01.jpg\" alt=\"\" width=\"2560\" height=\"1707\" \/><\/p>\n<figure class=\"wp-block-video\"><video src=\"https:\/\/publica.art\/es\/wp-content\/uploads\/2023\/09\/favela-dos-sonhos-2022-02-resize.mp4\" autoplay=\"autoplay\" loop=\"loop\" muted=\"\" controls=\"controls\" width=\"1920\" height=\"auto\"><\/video><\/figure>\n<p><img decoding=\"async\" class=\"alignnone wp-image-1270 size-full\" src=\"https:\/\/publica.art\/es\/wp-content\/uploads\/2023\/09\/favela-dos-sonhos-2022-02.jpg\" alt=\"\" width=\"1702\" height=\"2560\" \/><\/p>\n<p><img decoding=\"async\" class=\"alignnone wp-image-1271 size-full\" src=\"https:\/\/publica.art\/es\/wp-content\/uploads\/2023\/09\/favela-dos-sonhos-2022-03.jpg\" alt=\"\" width=\"2560\" height=\"1440\" \/><\/p>\n<p><img decoding=\"async\" class=\"alignnone wp-image-1271 size-full\" src=\"https:\/\/publica.art\/es\/wp-content\/uploads\/2023\/09\/favela-dos-sonhos-2022-04.jpg\" alt=\"\" width=\"2560\" height=\"1440\" \/><\/p>\n<p><img decoding=\"async\" class=\"alignnone wp-image-1271 size-full\" src=\"https:\/\/publica.art\/es\/wp-content\/uploads\/2023\/09\/favela-dos-sonhos-2022-05.jpg\" alt=\"\" width=\"2560\" height=\"1440\" \/><\/p>\n<p><img decoding=\"async\" class=\"alignnone wp-image-1274 size-full\" src=\"https:\/\/publica.art\/es\/wp-content\/uploads\/2023\/09\/favela-dos-sonhos-2022-06.jpg\" alt=\"\" width=\"1616\" height=\"1080\" \/><\/p>\n<p><img decoding=\"async\" class=\"alignnone wp-image-1271 size-full\" src=\"https:\/\/publica.art\/es\/wp-content\/uploads\/2023\/09\/favela-dos-sonhos-2022-07.jpg\" alt=\"\" width=\"2560\" height=\"1440\" \/><\/p>\n<p><img decoding=\"async\" class=\"alignnone wp-image-1271 size-full\" src=\"https:\/\/publica.art\/es\/wp-content\/uploads\/2023\/09\/favela-dos-sonhos-2022-08.jpg\" alt=\"\" width=\"2560\" height=\"1440\" \/><\/p>\n<p><img decoding=\"async\" class=\"alignnone wp-image-1271 size-full\" src=\"https:\/\/publica.art\/es\/wp-content\/uploads\/2023\/09\/favela-dos-sonhos-2022-09.jpg\" alt=\"\" width=\"2560\" height=\"1440\" \/><\/p>\n<p><img decoding=\"async\" class=\"alignnone wp-image-1271 size-full\" src=\"https:\/\/publica.art\/es\/wp-content\/uploads\/2023\/09\/favela-dos-sonhos-2022-10.jpg\" alt=\"\" width=\"2560\" height=\"1440\" \/><\/p>\n<p><img decoding=\"async\" class=\"alignnone wp-image-1269 size-full\" src=\"https:\/\/publica.art\/es\/wp-content\/uploads\/2023\/09\/favela-dos-sonhos-2022-11.jpg\" alt=\"\" width=\"2560\" height=\"1707\" \/><\/p>\n<p><img decoding=\"async\" class=\"alignnone wp-image-1270 size-full\" src=\"https:\/\/publica.art\/es\/wp-content\/uploads\/2023\/09\/favela-dos-sonhos-2022-12.jpg\" alt=\"\" width=\"1702\" height=\"2560\" \/><\/p>\n<p><img decoding=\"async\" class=\"alignnone wp-image-1271 size-full\" src=\"https:\/\/publica.art\/es\/wp-content\/uploads\/2023\/09\/favela-dos-sonhos-2022-13.jpg\" alt=\"\" width=\"2560\" height=\"1440\" \/><\/p>\n<p><img decoding=\"async\" class=\"alignnone wp-image-1271 size-full\" src=\"https:\/\/publica.art\/es\/wp-content\/uploads\/2023\/09\/favela-dos-sonhos-2022-14.jpg\" alt=\"\" width=\"2560\" height=\"1440\" \/><\/p>\n<p><img decoding=\"async\" class=\"alignnone wp-image-1271 size-full\" src=\"https:\/\/publica.art\/es\/wp-content\/uploads\/2023\/09\/favela-dos-sonhos-2022-15.jpg\" alt=\"\" width=\"2560\" height=\"1440\" \/><\/p>\n<p><img decoding=\"async\" class=\"alignnone wp-image-1274 size-full\" src=\"https:\/\/publica.art\/es\/wp-content\/uploads\/2023\/09\/favela-dos-sonhos-2022-16.jpg\" alt=\"\" width=\"1616\" height=\"1080\" \/><\/p>\n<p><img decoding=\"async\" class=\"alignnone wp-image-1271 size-full\" src=\"https:\/\/publica.art\/es\/wp-content\/uploads\/2023\/09\/favela-dos-sonhos-2022-17.jpg\" alt=\"\" width=\"2560\" height=\"1440\" \/><\/p>\n<p><img decoding=\"async\" class=\"alignnone wp-image-1271 size-full\" src=\"https:\/\/publica.art\/es\/wp-content\/uploads\/2023\/09\/favela-dos-sonhos-2022-18.jpg\" alt=\"\" width=\"2560\" height=\"1440\" \/><\/p>\n<p><img decoding=\"async\" class=\"alignnone wp-image-1271 size-full\" src=\"https:\/\/publica.art\/es\/wp-content\/uploads\/2023\/09\/favela-dos-sonhos-2022-19.jpg\" alt=\"\" width=\"2560\" height=\"1440\" \/><\/p>\n<p><img decoding=\"async\" class=\"alignnone wp-image-1271 size-full\" src=\"https:\/\/publica.art\/es\/wp-content\/uploads\/2023\/09\/favela-dos-sonhos-2022-20.jpg\" alt=\"\" width=\"2560\" height=\"1440\" \/><\/p>\n<p><img decoding=\"async\" class=\"alignnone wp-image-1271 size-full\" src=\"https:\/\/publica.art\/es\/wp-content\/uploads\/2023\/09\/favela-dos-sonhos-2022-21.jpg\" alt=\"\" width=\"2560\" height=\"1440\" \/><\/p>\n<p><img decoding=\"async\" class=\"alignnone wp-image-1271 size-full\" src=\"https:\/\/publica.art\/es\/wp-content\/uploads\/2023\/09\/favela-dos-sonhos-2022-22.jpg\" alt=\"\" width=\"2560\" height=\"1440\" \/><\/p>\n<p><img decoding=\"async\" class=\"alignnone wp-image-1271 size-full\" src=\"https:\/\/publica.art\/es\/wp-content\/uploads\/2023\/09\/favela-dos-sonhos-2022-23.jpg\" alt=\"\" width=\"2560\" height=\"1440\" \/><\/p>\n<\/div>\n<\/div>\n<\/div>\n\t\t\t\t<\/div>\n\t\t\t\t<\/div>\n\t\t<\/div>\n\t\t\n\n\n\n<script>\n\nvar btn = document.getElementById('btn-div');\nvar container = document.querySelector('.conteudo-ficha');\nbtn.addEventListener('click', function() {\n    \n  if(container.style.display === 'block') {\n      container.style.display = 'none';\ndocument.getElementById(\"texto-opaco\").style.color = \"#0000ff\";\ndocument.getElementById(\"img-olho\").style.filter = \"opacity(1)\";\ndocument.getElementById(\"texto-opaco\").style.filter = \"opacity(1)\";\ndocument.getElementById(\"ficha\").style.height = \"6px\";\ndocument.getElementById(\"img-olho\").src = \"https:\/\/publica.art\/es\/wp-content\/uploads\/2023\/08\/olho-ficha.png\";\n  } else {\n      container.style.display = 'block';\ndocument.getElementById(\"texto-opaco\").style.filter = \"opacity(0.7)\";\ndocument.getElementById(\"texto-opaco\").style.color = \"#d5d1d1\";\ndocument.getElementById(\"img-olho\").style.filter = \"opacity(1)\";\ndocument.getElementById(\"ficha\").style.height = \"200px\";\ndocument.getElementById(\"img-olho\").src = \"https:\/\/publica.art\/es\/wp-content\/uploads\/2023\/09\/olho-cinza.png\";\n  }\n});\n\n<\/script>\n","protected":false},"excerpt":{"rendered":"","protected":false},"author":1,"featured_media":0,"parent":0,"menu_order":0,"comment_status":"closed","ping_status":"closed","template":"","meta":{"footnotes":""},"class_list":{"0":"post-1861","1":"page","2":"type-page","3":"status-publish","5":"infinite-scroll-item","6":"no-featured-image-padding"},"yoast_head":"<!-- This site is optimized with the Yoast SEO plugin v21.7 - https:\/\/yoast.com\/wordpress\/plugins\/seo\/ -->\n<title>favela dos sonhos - publica<\/title>\n<meta name=\"robots\" content=\"index, follow, max-snippet:-1, max-image-preview:large, max-video-preview:-1\" \/>\n<link rel=\"canonical\" href=\"https:\/\/publica.art\/es\/favela-dos-sonhos\/\" \/>\n<meta property=\"og:locale\" content=\"pt_BR\" \/>\n<meta property=\"og:type\" content=\"article\" \/>\n<meta property=\"og:title\" content=\"favela dos sonhos - publica\" \/>\n<meta property=\"og:url\" content=\"https:\/\/publica.art\/es\/favela-dos-sonhos\/\" \/>\n<meta property=\"og:site_name\" content=\"publica\" \/>\n<meta property=\"article:modified_time\" content=\"2024-07-29T14:12:31+00:00\" \/>\n<meta name=\"twitter:card\" content=\"summary_large_image\" \/>\n<meta name=\"twitter:label1\" content=\"Est. tempo de leitura\" \/>\n\t<meta name=\"twitter:data1\" content=\"1 minuto\" \/>\n<script type=\"application\/ld+json\" class=\"yoast-schema-graph\">{\"@context\":\"https:\/\/schema.org\",\"@graph\":[{\"@type\":\"WebPage\",\"@id\":\"https:\/\/publica.art\/es\/favela-dos-sonhos\/\",\"url\":\"https:\/\/publica.art\/es\/favela-dos-sonhos\/\",\"name\":\"favela dos sonhos - publica\",\"isPartOf\":{\"@id\":\"https:\/\/publica.art\/es\/#website\"},\"datePublished\":\"2023-09-01T19:15:06+00:00\",\"dateModified\":\"2024-07-29T14:12:31+00:00\",\"breadcrumb\":{\"@id\":\"https:\/\/publica.art\/es\/favela-dos-sonhos\/#breadcrumb\"},\"inLanguage\":\"pt-BR\",\"potentialAction\":[{\"@type\":\"ReadAction\",\"target\":[\"https:\/\/publica.art\/es\/favela-dos-sonhos\/\"]}]},{\"@type\":\"BreadcrumbList\",\"@id\":\"https:\/\/publica.art\/es\/favela-dos-sonhos\/#breadcrumb\",\"itemListElement\":[{\"@type\":\"ListItem\",\"position\":1,\"name\":\"In\u00edcio\",\"item\":\"https:\/\/publica.art\/es\/\"},{\"@type\":\"ListItem\",\"position\":2,\"name\":\"favela dos sonhos\"}]},{\"@type\":\"WebSite\",\"@id\":\"https:\/\/publica.art\/es\/#website\",\"url\":\"https:\/\/publica.art\/es\/\",\"name\":\"publica\",\"description\":\"&lt;s&gt;&lt;i&gt;[agencia&lt;\/i&gt; de&lt;\/s&gt; &lt;b&gt;arte&lt;i&gt;]&lt;\/i&gt;&lt;\/b&gt;\",\"publisher\":{\"@id\":\"https:\/\/publica.art\/es\/#organization\"},\"potentialAction\":[{\"@type\":\"SearchAction\",\"target\":{\"@type\":\"EntryPoint\",\"urlTemplate\":\"https:\/\/publica.art\/es\/?s={search_term_string}\"},\"query-input\":\"required name=search_term_string\"}],\"inLanguage\":\"pt-BR\"},{\"@type\":\"Organization\",\"@id\":\"https:\/\/publica.art\/es\/#organization\",\"name\":\"publica\",\"url\":\"https:\/\/publica.art\/es\/\",\"logo\":{\"@type\":\"ImageObject\",\"inLanguage\":\"pt-BR\",\"@id\":\"https:\/\/publica.art\/es\/#\/schema\/logo\/image\/\",\"url\":\"https:\/\/publica.art\/es\/wp-content\/uploads\/2023\/06\/site-publica-23-11.png\",\"contentUrl\":\"https:\/\/publica.art\/es\/wp-content\/uploads\/2023\/06\/site-publica-23-11.png\",\"width\":259,\"height\":517,\"caption\":\"publica\"},\"image\":{\"@id\":\"https:\/\/publica.art\/es\/#\/schema\/logo\/image\/\"}}]}<\/script>\n<!-- \/ Yoast SEO plugin. -->","yoast_head_json":{"title":"favela dos sonhos - publica","robots":{"index":"index","follow":"follow","max-snippet":"max-snippet:-1","max-image-preview":"max-image-preview:large","max-video-preview":"max-video-preview:-1"},"canonical":"https:\/\/publica.art\/es\/favela-dos-sonhos\/","og_locale":"pt_BR","og_type":"article","og_title":"favela dos sonhos - publica","og_url":"https:\/\/publica.art\/es\/favela-dos-sonhos\/","og_site_name":"publica","article_modified_time":"2024-07-29T14:12:31+00:00","twitter_card":"summary_large_image","twitter_misc":{"Est. tempo de leitura":"1 minuto"},"schema":{"@context":"https:\/\/schema.org","@graph":[{"@type":"WebPage","@id":"https:\/\/publica.art\/es\/favela-dos-sonhos\/","url":"https:\/\/publica.art\/es\/favela-dos-sonhos\/","name":"favela dos sonhos - publica","isPartOf":{"@id":"https:\/\/publica.art\/es\/#website"},"datePublished":"2023-09-01T19:15:06+00:00","dateModified":"2024-07-29T14:12:31+00:00","breadcrumb":{"@id":"https:\/\/publica.art\/es\/favela-dos-sonhos\/#breadcrumb"},"inLanguage":"pt-BR","potentialAction":[{"@type":"ReadAction","target":["https:\/\/publica.art\/es\/favela-dos-sonhos\/"]}]},{"@type":"BreadcrumbList","@id":"https:\/\/publica.art\/es\/favela-dos-sonhos\/#breadcrumb","itemListElement":[{"@type":"ListItem","position":1,"name":"In\u00edcio","item":"https:\/\/publica.art\/es\/"},{"@type":"ListItem","position":2,"name":"favela dos sonhos"}]},{"@type":"WebSite","@id":"https:\/\/publica.art\/es\/#website","url":"https:\/\/publica.art\/es\/","name":"publica","description":"&lt;s&gt;&lt;i&gt;[agencia&lt;\/i&gt; de&lt;\/s&gt; &lt;b&gt;arte&lt;i&gt;]&lt;\/i&gt;&lt;\/b&gt;","publisher":{"@id":"https:\/\/publica.art\/es\/#organization"},"potentialAction":[{"@type":"SearchAction","target":{"@type":"EntryPoint","urlTemplate":"https:\/\/publica.art\/es\/?s={search_term_string}"},"query-input":"required name=search_term_string"}],"inLanguage":"pt-BR"},{"@type":"Organization","@id":"https:\/\/publica.art\/es\/#organization","name":"publica","url":"https:\/\/publica.art\/es\/","logo":{"@type":"ImageObject","inLanguage":"pt-BR","@id":"https:\/\/publica.art\/es\/#\/schema\/logo\/image\/","url":"https:\/\/publica.art\/es\/wp-content\/uploads\/2023\/06\/site-publica-23-11.png","contentUrl":"https:\/\/publica.art\/es\/wp-content\/uploads\/2023\/06\/site-publica-23-11.png","width":259,"height":517,"caption":"publica"},"image":{"@id":"https:\/\/publica.art\/es\/#\/schema\/logo\/image\/"}}]}},"_links":{"self":[{"href":"https:\/\/publica.art\/es\/wp-json\/wp\/v2\/pages\/1861","targetHints":{"allow":["GET"]}}],"collection":[{"href":"https:\/\/publica.art\/es\/wp-json\/wp\/v2\/pages"}],"about":[{"href":"https:\/\/publica.art\/es\/wp-json\/wp\/v2\/types\/page"}],"author":[{"embeddable":true,"href":"https:\/\/publica.art\/es\/wp-json\/wp\/v2\/users\/1"}],"replies":[{"embeddable":true,"href":"https:\/\/publica.art\/es\/wp-json\/wp\/v2\/comments?post=1861"}],"version-history":[{"count":40,"href":"https:\/\/publica.art\/es\/wp-json\/wp\/v2\/pages\/1861\/revisions"}],"predecessor-version":[{"id":3626,"href":"https:\/\/publica.art\/es\/wp-json\/wp\/v2\/pages\/1861\/revisions\/3626"}],"wp:attachment":[{"href":"https:\/\/publica.art\/es\/wp-json\/wp\/v2\/media?parent=1861"}],"curies":[{"name":"wp","href":"https:\/\/api.w.org\/{rel}","templated":true}]}}