{"id":1830,"date":"2023-09-01T15:29:04","date_gmt":"2023-09-01T18:29:04","guid":{"rendered":"https:\/\/publica.art\/en\/?page_id=1830"},"modified":"2024-07-26T21:17:28","modified_gmt":"2024-07-27T00:17:28","slug":"breve-arte","status":"publish","type":"page","link":"https:\/\/publica.art\/en\/breve-arte\/","title":{"rendered":"breve arte"},"content":{"rendered":"\n<style>\n\n\t@media (max-width: 768px){\n#menu-primary-sider{ display: none !important;}\n.descricao-2{width:100%;}\n.descricao-2::-webkit-scrollbar {\n    width: 0px;\n}\n#sp-wp-tabs-wrapper_1819 .sp-tab__nav, #sp-tab__ul{\n\t\t\tjustify-content:center !important;\n\t\t}\nimg{\n    position: relative;\n    margin-top: -1px;\n}\n\n}\n\n.projeto-pad{padding:0px;}\n\n#menu-item-275 a {color: #0000ff !important; font-weight:bold;}\n\n#menu-item-186{\n    background-image: url(https:\/\/publica.art\/en\/wp-content\/uploads\/2024\/07\/menu_publica_en_300_projects.png);\n    background-size:280px 77px;\n    background-repeat: no-repeat;\n    background-position:0 -3px, center;\n    height:85px;\n}\n#menu-item-186 > a{filter: opacity(0.2);}\n\/*DEIXAR A GRAFIA DE PROJETO MAIS VISIVEL. PODE DEIXAR EM #FFFFFF PARA FICAR MAIS PALIDO*\/\n.main-navigation .main-nav ul li[class*=\"current-menu-\"] > a{\n\/\/background-color: #ffffff00;\ncolor: #000000d3;\n}\n\n.conteudo-ficha{\ndisplay: none;\n}\n.conteudo-ficha-2{\ndisplay: none;\n}\n.conteudo-ficha-3{\ndisplay: none;\n}\n.conteudo-ficha-4{\ndisplay: none;\n}\n.conteudo-ficha-5{\ndisplay: none;\n}\n\n .inside-article{\n   font-family: \"ppppangrams-compact\", Arial, sans-serif;\n}\n\n.sp-tab__section_title_1819 {\ndisplay:none !important;\n}\n.separate-containers .inside-article{\npadding-top: 0px;\n}\n.no-sidebar:not(.archive):not(.blog) .inside-article > *{\nmax-width: 1000px;\n}\n.titulo-tab{\nfont-family: \"ppppangrams-bold\", Arial, sans-serif;\nfont-size: 5rem;\ncolor:#000;\n    text-decoration: underline 2px;\n    text-decoration-skip-ink: none;\ntext-underline-position: from-font;\nmargin-bottom:0px;\n-webkit-text-decoration-line: underline;\n}\n.credito-tab{\nfont-size: 10px;\n    flex: 1;\n    align-self: flex-end;\n}\n.tabela2{\nheight: 75vh;\n}\n@media (min-width: 769px){\n#sp-wp-tabs-wrapper_1819 .sp-tab__nav{\njustify-content: flex-start !important;\n    position: relative !important;\n   \/* margin-left: 33% !important; *\/\n} \n}\n@media (min-width: 2560px)  {\n #sp-wp-tabs-wrapper_1819 .sp-tab__nav{\n  \/* margin-left: 25% !important; *\/\n }\n}\n\n\/*BOLD NO ANO DA TABELA*\/\n.sp-tab__tab_title{font-family: \"ppppangrams-bold\", Arial, sans-serif;}\n\n@media (max-width: 767px)  {\n.titulo-tab{font-family: \"ppppangrams-bold\", Arial, sans-serif; font-size: 3.0rem;}\n}\n\n\/* COMENTADO TER\u00c7A .ficha{height:250px;} *\/\n\n\/*ESPACAMENTO PARAGRAFO*\/\n.projeto-pad p{margin-bottom:10px;}\n\n.descricao-2 figure{margin-bottom: -4px;}\n\n@media (min-width: 769px){\n.imagem-esquerda{padding-right:0px}\n.imagem-direita{padding-left:0px;}\n}\n\n<\/style>\n\n\n<style id=\"sp_tab_dynamic_style1819\">#sp-tabpro-wrapper_1819.sp-tab__lay-default .sp-tab__tab-content {width: 100%;}#sp-tabpro-wrapper_1819 .animated {-webkit-animation-duration: 500ms;animation-duration: 500ms;}#sp-wp-tabs-wrapper_1819 .sp-tab__nav {justify-content: start;}#sp-wp-tabs-wrapper_1819.sp-tab__lay-default.sp-tab__horizontal-bottom {display: flex;flex-direction: column-reverse;}#sp-wp-tabs-wrapper_1819.sp-tab__lay-default.sp-tab__horizontal-bottom > ul {border-top: 0px solid #ffffff;border-bottom: 0;margin-top: 0;}#sp-wp-tabs-wrapper_1819.sp-tab__lay-default.sp-tab__horizontal-bottom > ul > li label.sp-tab__active {border-color: transparent #ffffff#ffffff;margin-top: -0px;}#sp-wp-tabs-wrapper_1819.sp-tab__lay-default.sp-tab__horizontal-bottom > ul > li label,#sp-wp-tabs-wrapper_1819.sp-tab__lay-default.sp-tab__horizontal-bottom > ul > li a,#sp-wp-tabs-wrapper_1819.sp-tab__lay-default.sp-tab__horizontal-bottom > ul > .sp-tab__nav-item {border-top: 0;border-top-left-radius: 0;border-top-right-radius: 0;border-bottom-left-radius: 2px;border-bottom-right-radius: 2px;}#sp-wp-tabs-wrapper_1819.sp-tab__lay-default.sp-tab__horizontal-bottom > ul {border-bottom: none;}#sp-wp-tabs-wrapper_1819.sp-tab__lay-default.sp-tab__horizontal-bottom .sp-tab__tab-content .sp-tab__tab-pane {border-top: 0px none #f9f9f9;border-bottom: 0;}#sp-wp-tabs-wrapper_1819.sp-tab__lay-default .sp-tab__tab-content .sp-tab-content > ul,#sp-wp-tabs-wrapper_1819.sp-tab__lay-default .sp-tab__tab-content .sp-tab-content > ol {border-bottom: none;}#sp-wp-tabs-wrapper_1819 > .sp-tab__nav-tabs .sp-tab__nav-link.sp-tab__active .sp-tab__tab_title,#sp-wp-tabs-wrapper_1819.sp-tab__lay-default label > .sp-tab__card-header {color: #11fb02;}#sp-wp-tabs-wrapper_1819 > .sp-tab__nav-tabs > .sp-tab__nav-item.show .sp-tab__nav-link,#sp-wp-tabs-wrapper_1819 > .sp-tab__nav-tabs > .sp-tab__nav-item .sp-tab__nav-link.sp-tab__active,#sp-wp-tabs-wrapper_1819.sp-tab__lay-default label > .sp-tab__card-header {background-color: #fff;}#sp-wp-tabs-wrapper_1819 .sp-tab__nav-tabs .sp-tab__nav-item.show .sp-tab__nav-link,#sp-wp-tabs-wrapper_1819.sp-tab__lay-default ul li label.sp-tab__active {border-color: #ffffff#ffffff transparent;}#sp-wp-tabs-wrapper_1819.sp-tab__lay-default > ul > li > label,#sp-wp-tabs-wrapper_1819.sp-tab__lay-default > ul > li > a {cursor: pointer;border-color: #ffffff;padding-top: 15px;padding-right: 15px;padding-bottom: 15px;padding-left: 15px;}#sp-wp-tabs-wrapper_1819 > .sp-tab__nav-tabs .sp-tab__nav-link {border: 0px none #ffffff;height: 100%;}#sp-wp-tabs-wrapper_1819.sp-tab__lay-default > ul > li label,#sp-wp-tabs-wrapper_1819.sp-tab__lay-default > ul > li a,#sp-wp-tabs-wrapper_1819.sp-tab__lay-default > ul > .sp-tab__nav-item {border-top-left-radius: 2px;border-top-right-radius: 2px;}#sp-wp-tabs-wrapper_1819 .sp-tab__nav-tabs .sp-tab__nav-item {margin-bottom: -0px; }#sp-wp-tabs-wrapper_1819.sp-tab__lay-default > ul .sp-tab__nav-item,#sp-wp-tabs-wrapper_1819.sp-tab__lay-default label.collapsed > .sp-tab__card-header {background-color: #ffffff;}#sp-wp-tabs-wrapper_1819.sp-tab__lay-default > ul .sp-tab__nav-item {margin-right: 10px;margin-top: 5px;}#sp-wp-tabs-wrapper_1819.sp-tab__lay-default > ul .sp-tab__nav-item label:hover .sp-tab__tab_title,#sp-wp-tabs-wrapper_1819.sp-tab__lay-default > ul .sp-tab__nav-item a:hover .sp-tab__tab_title,#sp-wp-tabs-wrapper_1819.sp-tab__lay-default label.collapsed .sp-tab__card-header:hover {color: #11fb02;transition: .3s;}#sp-wp-tabs-wrapper_1819.sp-tab__lay-default > ul .sp-tab__nav-item:hover,#sp-wp-tabs-wrapper_1819.sp-tab__lay-default label.collapsed > .sp-tab__card-header:hover {background-color: #fff;}#sp-wp-tabs-wrapper_1819.sp-tab__lay-default > ul .sp-tab__nav-item:last-child {margin-right: 0;}#sp-wp-tabs-wrapper_1819.sp-tab__lay-default > .sp-tab__tab-content .sp-tab__tab-pane {border: 0px none #f9f9f9;padding-top: 20px;padding-right: 20px;padding-bottom: 20px;padding-left: 20px;border-top: 0px;background-color: #ffffff;}#sp-wp-tabs-wrapper_1819.sp-tab__lay-default > ul {border-bottom: 0px none #f9f9f9;}@media(max-width:480px) {#sp-wp-tabs-wrapper_1819.sp-tab__lay-default > ul li.sp-tab__nav-item {width: 100%;margin-right: 0px;}#sp-wp-tabs-wrapper_1819.sp-tab__lay-default > ul li.sp-tab__nav-item:last-child {margin-bottom: -1px;}}#poststuff h2.sp-tab__section_title_1819, h2.sp-tab__section_title_1819 ,.editor-styles-wrapper .wp-block h2.sp-tab__section_title_1819{margin-bottom: 30px !important;font-weight: 600;font-style: normal;font-size: 28px;line-height: 28px;letter-spacing: 0px;padding: 0;color: #444444;}#sp-wp-tabs-wrapper_1819.sp-tab__lay-default > ul .sp-tab__nav-item .sp-tab__tab_title,#sp-wp-tabs-wrapper_1819.sp-tab__lay-default label > .sp-tab__card-header {font-weight: 600;font-style: normal;font-size: 16px;line-height: 22px;letter-spacing: 0px;color: #444;margin: 0px;}#sp-wp-tabs-wrapper_1819.sp-tab__lay-default > .sp-tab__tab-content .sp-tab__tab-pane {font-weight: 400;font-style: normal;font-size: 16px;line-height: 24px;letter-spacing: 0px;color: #444;}#sp-wp-tabs-wrapper_1819.sp-tab__lay-default > .sp-tab__tab-content .sp-tab__tab-pane ul li a, #sp-wp-tabs-wrapper_1819.sp-tab__lay-default .sp-tab__tab-content .sp-tab__tab-pane ol li a {color: #444;}<\/style>\t<h2 class=\"sp-tab__section_title_1819\"> breve arte<\/h2>\n\t\t\t<div id=\"sp-wp-tabs-wrapper_1819\" class=\"sp-tab__lay-default\" data-preloader=\"0\" data-activemode=\"tabs-activator-event-click\">\n\t\t<ul class=\"sp-tab__nav sp-tab__nav-tabs\" id=\"sp-tab__ul\" role=\"tablist\">\n\t\t\t\t<li class=\"sp-tab__nav-item\" role=\"tab\">\n\t\t\t\t<label class=\"sp-tab__nav-link sp-tab__active\" data-sptoggle=\"tab\" for=\"#tab-18191\" role=\"tab\" aria-controls=tab-18191 aria-selected=true tabindex=0>\n\t\t\t\t\t<span class=\"tab_title_area\"><H4 class=\"sp-tab__tab_title\">2022<\/H4><\/span>\n\t\t\t\t<\/label>\n\t\t\t<\/li>\n\t\t\t<\/ul>\n<div class=\"sp-tab__tab-content\">\n\t\t\t\t<div id=\"tab-18191\" class=\"sp-tab__tab-pane sp-tab__show sp-tab__active\" role=\"tabpanel\">\n\t\t\t\t\t<div class=\"sp-tab-content animated fadeIn\"><div class=\"row\">\n<div class=\"col-sm descricao-2\">\n<div class=\"row projeto-pad\">\n<div class=\"col-sm\">\n<div>\n<h2 class=\"titulo-tab\">breve arte<\/h2>\n<\/div>\n<div class=\"credito-tab\">[<strong><em>2022 <\/em><\/strong><em>edition<\/em><strong><em>]<\/em><\/strong> Breve Festival | Mineir\u00e3o, Belo Horizonte, Minas Gerais | Brazil<\/div>\n<\/div>\n<\/div>\n<p>&nbsp;<\/p>\n<div class=\"projeto-pad\">\n<p>Breve Arte is Breve Festival\u2019s visual arts platform that presents extraordinary art installations and promotes memorable experiences for the festival\u2019s audience.<br \/>\nBreve Arte\u2019s first edition presented four installations created by artists who experimented different possibilities concerning what a metamorphosis could be and developed works that were presented as some kind of a sparkling reality-transforming portal. All four installations got bodies to move due to their sculpture, symbolic, and chromatic varieties. The encounter between artists from different regions of Brazil and abroad has established an engagement between the art made in the State of Minas Gerais and the rest of the world, and tried to reflect on how, for instance, part of Fef\u00ea Talavera\u2019s production, who is from S\u00e3o Paulo, could engage with some of American Hot Tea\u2019s interests; and also, how Portuguese Akacorleone\u2019s temples could engage with the Afrofuturism of Zaika dos Santos, who is from the City of Belo Horizonte. It\u2019s art as a great magical portal to be crossed.<\/p>\n<\/div>\n<p>&nbsp;<\/p>\n<div id=\"btn-div\">\n<p><span id=\"texto-opaco\" style=\"bottom: 20%; font-size: 24px;\"><strong style=\"font-family: ppppangrams-bold, Arial, sans-serif;\">details\u00a0 \u00a0 <img loading=\"lazy\" decoding=\"async\" id=\"img-olho\" data-src=\"https:\/\/publica.art\/en\/wp-content\/uploads\/2023\/08\/olho-ficha.png\" width=\"75\" height=\"44\" src=\"data:image\/gif;base64,R0lGODlhAQABAAAAACH5BAEKAAEALAAAAAABAAEAAAICTAEAOw==\" class=\"lazyload\" style=\"--smush-placeholder-width: 75px; --smush-placeholder-aspect-ratio: 75\/44;\" \/><noscript><img loading=\"lazy\" decoding=\"async\" id=\"img-olho\" class=\"\" src=\"https:\/\/publica.art\/en\/wp-content\/uploads\/2023\/08\/olho-ficha.png\" width=\"75\" height=\"44\" \/><\/noscript><\/strong><\/span><\/p>\n<\/div>\n<div id=\"ficha\" class=\"ficha\">\n<div class=\"conteudo-ficha\" style=\"padding-top: 0px;\">\n<div class=\"fic\">\n<p>Art Director and Curator: Juliana Flores<br \/>\nArt and Writing Consultant: Manu Grossi<br \/>\nArchitect: Camila Schmidt and Fernanda Jacques<br \/>\nInflatable Project: Ricardo Bizafra<br \/>\nProduction and Assembling Coordinator: Dalila Bastos<br \/>\nAssembler: Grupo Armind<br \/>\nSet-up Team: Fala Cen\u00e1rios<br \/>\nIllumination: Prisma Solu\u00e7\u00f5es C\u00eanicas<br \/>\nArtists:<br \/>\nHot Tea (USA) \u2014 Strangers, 2022<br \/>\nAkacorleone (POR) \u2014 Temple of Light, 2022<br \/>\nFef\u00ea Talavera (BR) \u2014 El Camino, 2022<br \/>\nZaika dos Santos (BR) \u2014 Encruzilhada do Futuro, 2022<\/p>\n<\/div>\n<\/div>\n<\/div>\n<p>&nbsp;<\/p>\n<p><img loading=\"lazy\" decoding=\"async\" class=\"alignnone wp-image-1270 size-full lazyload\" data-src=\"https:\/\/publica.art\/en\/wp-content\/uploads\/2023\/09\/breve-arte-2022-02.jpg\" alt=\"\" width=\"1702\" height=\"2560\" src=\"data:image\/gif;base64,R0lGODlhAQABAAAAACH5BAEKAAEALAAAAAABAAEAAAICTAEAOw==\" style=\"--smush-placeholder-width: 1702px; --smush-placeholder-aspect-ratio: 1702\/2560;\" \/><noscript><img loading=\"lazy\" decoding=\"async\" class=\"alignnone wp-image-1270 size-full\" src=\"https:\/\/publica.art\/en\/wp-content\/uploads\/2023\/09\/breve-arte-2022-02.jpg\" alt=\"\" width=\"1702\" height=\"2560\" \/><\/noscript><\/p>\n<p><img loading=\"lazy\" decoding=\"async\" class=\"alignnone wp-image-1271 size-full lazyload\" data-src=\"https:\/\/publica.art\/en\/wp-content\/uploads\/2023\/09\/breve-arte-2022-03.jpg\" alt=\"\" width=\"2560\" height=\"1440\" src=\"data:image\/gif;base64,R0lGODlhAQABAAAAACH5BAEKAAEALAAAAAABAAEAAAICTAEAOw==\" style=\"--smush-placeholder-width: 2560px; --smush-placeholder-aspect-ratio: 2560\/1440;\" \/><noscript><img loading=\"lazy\" decoding=\"async\" class=\"alignnone wp-image-1271 size-full\" src=\"https:\/\/publica.art\/en\/wp-content\/uploads\/2023\/09\/breve-arte-2022-03.jpg\" alt=\"\" width=\"2560\" height=\"1440\" \/><\/noscript><\/p>\n<div class=\"row\">\n<div class=\"col-sm imagem-esquerda\"><img loading=\"lazy\" decoding=\"async\" class=\"alignnone wp-image-1269 size-full lazyload\" data-src=\"https:\/\/publica.art\/en\/wp-content\/uploads\/2023\/09\/breve-arte-2022-01.jpg\" alt=\"\" width=\"2560\" height=\"1707\" src=\"data:image\/gif;base64,R0lGODlhAQABAAAAACH5BAEKAAEALAAAAAABAAEAAAICTAEAOw==\" style=\"--smush-placeholder-width: 2560px; --smush-placeholder-aspect-ratio: 2560\/1707;\" \/><noscript><img loading=\"lazy\" decoding=\"async\" class=\"alignnone wp-image-1269 size-full\" src=\"https:\/\/publica.art\/en\/wp-content\/uploads\/2023\/09\/breve-arte-2022-01.jpg\" alt=\"\" width=\"2560\" height=\"1707\" \/><\/noscript><\/div>\n<div class=\"col-sm imagem-direita\"><img loading=\"lazy\" decoding=\"async\" class=\"alignnone wp-image-1271 size-full lazyload\" data-src=\"https:\/\/publica.art\/en\/wp-content\/uploads\/2023\/09\/breve-arte-2022-04.jpg\" alt=\"\" width=\"2560\" height=\"1440\" src=\"data:image\/gif;base64,R0lGODlhAQABAAAAACH5BAEKAAEALAAAAAABAAEAAAICTAEAOw==\" style=\"--smush-placeholder-width: 2560px; --smush-placeholder-aspect-ratio: 2560\/1440;\" \/><noscript><img loading=\"lazy\" decoding=\"async\" class=\"alignnone wp-image-1271 size-full\" src=\"https:\/\/publica.art\/en\/wp-content\/uploads\/2023\/09\/breve-arte-2022-04.jpg\" alt=\"\" width=\"2560\" height=\"1440\" \/><\/noscript><\/div>\n<\/div>\n<p><img loading=\"lazy\" decoding=\"async\" class=\"alignnone wp-image-1271 size-full lazyload\" data-src=\"https:\/\/publica.art\/en\/wp-content\/uploads\/2023\/09\/breve-arte-2022-05.jpg\" alt=\"\" width=\"2560\" height=\"1440\" src=\"data:image\/gif;base64,R0lGODlhAQABAAAAACH5BAEKAAEALAAAAAABAAEAAAICTAEAOw==\" style=\"--smush-placeholder-width: 2560px; --smush-placeholder-aspect-ratio: 2560\/1440;\" \/><noscript><img loading=\"lazy\" decoding=\"async\" class=\"alignnone wp-image-1271 size-full\" src=\"https:\/\/publica.art\/en\/wp-content\/uploads\/2023\/09\/breve-arte-2022-05.jpg\" alt=\"\" width=\"2560\" height=\"1440\" \/><\/noscript><\/p>\n<p><img loading=\"lazy\" decoding=\"async\" class=\"alignnone wp-image-1274 size-full lazyload\" data-src=\"https:\/\/publica.art\/en\/wp-content\/uploads\/2023\/09\/breve-arte-2022-06.jpg\" alt=\"\" width=\"1616\" height=\"1080\" src=\"data:image\/gif;base64,R0lGODlhAQABAAAAACH5BAEKAAEALAAAAAABAAEAAAICTAEAOw==\" style=\"--smush-placeholder-width: 1616px; --smush-placeholder-aspect-ratio: 1616\/1080;\" \/><noscript><img loading=\"lazy\" decoding=\"async\" class=\"alignnone wp-image-1274 size-full\" src=\"https:\/\/publica.art\/en\/wp-content\/uploads\/2023\/09\/breve-arte-2022-06.jpg\" alt=\"\" width=\"1616\" height=\"1080\" \/><\/noscript><\/p>\n<div class=\"row\">\n<div class=\"col-sm imagem-esquerda\"><img loading=\"lazy\" decoding=\"async\" class=\"alignnone wp-image-1271 size-full lazyload\" data-src=\"https:\/\/publica.art\/en\/wp-content\/uploads\/2023\/09\/breve-arte-2022-07.jpg\" alt=\"\" width=\"2560\" height=\"1440\" src=\"data:image\/gif;base64,R0lGODlhAQABAAAAACH5BAEKAAEALAAAAAABAAEAAAICTAEAOw==\" style=\"--smush-placeholder-width: 2560px; --smush-placeholder-aspect-ratio: 2560\/1440;\" \/><noscript><img loading=\"lazy\" decoding=\"async\" class=\"alignnone wp-image-1271 size-full\" src=\"https:\/\/publica.art\/en\/wp-content\/uploads\/2023\/09\/breve-arte-2022-07.jpg\" alt=\"\" width=\"2560\" height=\"1440\" \/><\/noscript><\/div>\n<div class=\"col-sm imagem-direita\"><img loading=\"lazy\" decoding=\"async\" class=\"alignnone wp-image-1271 size-full lazyload\" data-src=\"https:\/\/publica.art\/en\/wp-content\/uploads\/2023\/09\/breve-arte-2022-08.jpg\" alt=\"\" width=\"2560\" height=\"1440\" src=\"data:image\/gif;base64,R0lGODlhAQABAAAAACH5BAEKAAEALAAAAAABAAEAAAICTAEAOw==\" style=\"--smush-placeholder-width: 2560px; --smush-placeholder-aspect-ratio: 2560\/1440;\" \/><noscript><img loading=\"lazy\" decoding=\"async\" class=\"alignnone wp-image-1271 size-full\" src=\"https:\/\/publica.art\/en\/wp-content\/uploads\/2023\/09\/breve-arte-2022-08.jpg\" alt=\"\" width=\"2560\" height=\"1440\" \/><\/noscript><\/div>\n<\/div>\n<div class=\"row\">\n<div class=\"col-sm imagem-esquerda\"><img loading=\"lazy\" decoding=\"async\" class=\"alignnone wp-image-1271 size-full lazyload\" data-src=\"https:\/\/publica.art\/en\/wp-content\/uploads\/2023\/09\/breve-arte-2022-09.jpg\" alt=\"\" width=\"2560\" height=\"1440\" src=\"data:image\/gif;base64,R0lGODlhAQABAAAAACH5BAEKAAEALAAAAAABAAEAAAICTAEAOw==\" style=\"--smush-placeholder-width: 2560px; --smush-placeholder-aspect-ratio: 2560\/1440;\" \/><noscript><img loading=\"lazy\" decoding=\"async\" class=\"alignnone wp-image-1271 size-full\" src=\"https:\/\/publica.art\/en\/wp-content\/uploads\/2023\/09\/breve-arte-2022-09.jpg\" alt=\"\" width=\"2560\" height=\"1440\" \/><\/noscript><\/div>\n<div class=\"col-sm imagem-direita\"><img loading=\"lazy\" decoding=\"async\" class=\"alignnone wp-image-1271 size-full lazyload\" data-src=\"https:\/\/publica.art\/en\/wp-content\/uploads\/2023\/09\/breve-arte-2022-10.jpg\" alt=\"\" width=\"2560\" height=\"1440\" src=\"data:image\/gif;base64,R0lGODlhAQABAAAAACH5BAEKAAEALAAAAAABAAEAAAICTAEAOw==\" style=\"--smush-placeholder-width: 2560px; --smush-placeholder-aspect-ratio: 2560\/1440;\" \/><noscript><img loading=\"lazy\" decoding=\"async\" class=\"alignnone wp-image-1271 size-full\" src=\"https:\/\/publica.art\/en\/wp-content\/uploads\/2023\/09\/breve-arte-2022-10.jpg\" alt=\"\" width=\"2560\" height=\"1440\" \/><\/noscript><\/div>\n<\/div>\n<\/div>\n<\/div>\n<\/div>\n\t\t\t\t<\/div>\n\t\t\t\t<\/div>\n\t\t<\/div>\n\t\t\n\n\n\n<script>\n\nvar btn = document.getElementById('btn-div');\nvar container = document.querySelector('.conteudo-ficha');\nbtn.addEventListener('click', function() {\n    \n  if(container.style.display === 'block') {\n      container.style.display = 'none';\ndocument.getElementById(\"texto-opaco\").style.color = \"#0000ff\";\ndocument.getElementById(\"img-olho\").style.filter = \"opacity(1)\";\ndocument.getElementById(\"texto-opaco\").style.filter = \"opacity(1)\";\ndocument.getElementById(\"ficha\").style.height = \"6px\";\ndocument.getElementById(\"img-olho\").src = \"https:\/\/publica.art\/en\/wp-content\/uploads\/2023\/08\/olho-ficha.png\";\n  } else {\n      container.style.display = 'block';\ndocument.getElementById(\"texto-opaco\").style.filter = \"opacity(0.7)\";\ndocument.getElementById(\"texto-opaco\").style.color = \"#d5d1d1\";\ndocument.getElementById(\"img-olho\").style.filter = \"opacity(1)\";\ndocument.getElementById(\"ficha\").style.height = \"150px\";\ndocument.getElementById(\"img-olho\").src = \"https:\/\/publica.art\/en\/wp-content\/uploads\/2023\/09\/olho-cinza.png\";\n\n  }\n});\n\n<\/script>\n","protected":false},"excerpt":{"rendered":"","protected":false},"author":1,"featured_media":0,"parent":0,"menu_order":0,"comment_status":"closed","ping_status":"closed","template":"","meta":{"footnotes":""},"class_list":{"0":"post-1830","1":"page","2":"type-page","3":"status-publish","5":"infinite-scroll-item","6":"no-featured-image-padding"},"yoast_head":"<!-- This site is optimized with the Yoast SEO plugin v23.1 - https:\/\/yoast.com\/wordpress\/plugins\/seo\/ -->\n<title>breve arte - publica<\/title>\n<meta name=\"robots\" content=\"index, follow, max-snippet:-1, max-image-preview:large, max-video-preview:-1\" \/>\n<link rel=\"canonical\" href=\"https:\/\/publica.art\/en\/breve-arte\/\" \/>\n<meta property=\"og:locale\" content=\"pt_BR\" \/>\n<meta property=\"og:type\" content=\"article\" \/>\n<meta property=\"og:title\" content=\"breve arte - publica\" \/>\n<meta property=\"og:url\" content=\"https:\/\/publica.art\/en\/breve-arte\/\" \/>\n<meta property=\"og:site_name\" content=\"publica\" \/>\n<meta property=\"article:modified_time\" content=\"2024-07-27T00:17:28+00:00\" \/>\n<meta name=\"twitter:card\" content=\"summary_large_image\" \/>\n<meta name=\"twitter:label1\" content=\"Est. tempo de leitura\" \/>\n\t<meta name=\"twitter:data1\" content=\"1 minuto\" \/>\n<script type=\"application\/ld+json\" class=\"yoast-schema-graph\">{\"@context\":\"https:\/\/schema.org\",\"@graph\":[{\"@type\":\"WebPage\",\"@id\":\"https:\/\/publica.art\/en\/breve-arte\/\",\"url\":\"https:\/\/publica.art\/en\/breve-arte\/\",\"name\":\"breve arte - publica\",\"isPartOf\":{\"@id\":\"https:\/\/publica.art\/en\/#website\"},\"datePublished\":\"2023-09-01T18:29:04+00:00\",\"dateModified\":\"2024-07-27T00:17:28+00:00\",\"breadcrumb\":{\"@id\":\"https:\/\/publica.art\/en\/breve-arte\/#breadcrumb\"},\"inLanguage\":\"pt-BR\",\"potentialAction\":[{\"@type\":\"ReadAction\",\"target\":[\"https:\/\/publica.art\/en\/breve-arte\/\"]}]},{\"@type\":\"BreadcrumbList\",\"@id\":\"https:\/\/publica.art\/en\/breve-arte\/#breadcrumb\",\"itemListElement\":[{\"@type\":\"ListItem\",\"position\":1,\"name\":\"In\u00edcio\",\"item\":\"https:\/\/publica.art\/en\/\"},{\"@type\":\"ListItem\",\"position\":2,\"name\":\"breve arte\"}]},{\"@type\":\"WebSite\",\"@id\":\"https:\/\/publica.art\/en\/#website\",\"url\":\"https:\/\/publica.art\/en\/\",\"name\":\"publica\",\"description\":\"&lt;b&gt;[art&lt;\/b&gt; &lt;i&gt;&lt;s&gt;agency]&lt;\/i&gt;&lt;\/s&gt;\",\"publisher\":{\"@id\":\"https:\/\/publica.art\/en\/#organization\"},\"potentialAction\":[{\"@type\":\"SearchAction\",\"target\":{\"@type\":\"EntryPoint\",\"urlTemplate\":\"https:\/\/publica.art\/en\/?s={search_term_string}\"},\"query-input\":\"required name=search_term_string\"}],\"inLanguage\":\"pt-BR\"},{\"@type\":\"Organization\",\"@id\":\"https:\/\/publica.art\/en\/#organization\",\"name\":\"publica\",\"url\":\"https:\/\/publica.art\/en\/\",\"logo\":{\"@type\":\"ImageObject\",\"inLanguage\":\"pt-BR\",\"@id\":\"https:\/\/publica.art\/en\/#\/schema\/logo\/image\/\",\"url\":\"https:\/\/publica.art\/en\/wp-content\/uploads\/2023\/06\/site-publica-23-11.png\",\"contentUrl\":\"https:\/\/publica.art\/en\/wp-content\/uploads\/2023\/06\/site-publica-23-11.png\",\"width\":259,\"height\":517,\"caption\":\"publica\"},\"image\":{\"@id\":\"https:\/\/publica.art\/en\/#\/schema\/logo\/image\/\"}}]}<\/script>\n<!-- \/ Yoast SEO plugin. -->","yoast_head_json":{"title":"breve arte - publica","robots":{"index":"index","follow":"follow","max-snippet":"max-snippet:-1","max-image-preview":"max-image-preview:large","max-video-preview":"max-video-preview:-1"},"canonical":"https:\/\/publica.art\/en\/breve-arte\/","og_locale":"pt_BR","og_type":"article","og_title":"breve arte - publica","og_url":"https:\/\/publica.art\/en\/breve-arte\/","og_site_name":"publica","article_modified_time":"2024-07-27T00:17:28+00:00","twitter_card":"summary_large_image","twitter_misc":{"Est. tempo de leitura":"1 minuto"},"schema":{"@context":"https:\/\/schema.org","@graph":[{"@type":"WebPage","@id":"https:\/\/publica.art\/en\/breve-arte\/","url":"https:\/\/publica.art\/en\/breve-arte\/","name":"breve arte - publica","isPartOf":{"@id":"https:\/\/publica.art\/en\/#website"},"datePublished":"2023-09-01T18:29:04+00:00","dateModified":"2024-07-27T00:17:28+00:00","breadcrumb":{"@id":"https:\/\/publica.art\/en\/breve-arte\/#breadcrumb"},"inLanguage":"pt-BR","potentialAction":[{"@type":"ReadAction","target":["https:\/\/publica.art\/en\/breve-arte\/"]}]},{"@type":"BreadcrumbList","@id":"https:\/\/publica.art\/en\/breve-arte\/#breadcrumb","itemListElement":[{"@type":"ListItem","position":1,"name":"In\u00edcio","item":"https:\/\/publica.art\/en\/"},{"@type":"ListItem","position":2,"name":"breve arte"}]},{"@type":"WebSite","@id":"https:\/\/publica.art\/en\/#website","url":"https:\/\/publica.art\/en\/","name":"publica","description":"&lt;b&gt;[art&lt;\/b&gt; &lt;i&gt;&lt;s&gt;agency]&lt;\/i&gt;&lt;\/s&gt;","publisher":{"@id":"https:\/\/publica.art\/en\/#organization"},"potentialAction":[{"@type":"SearchAction","target":{"@type":"EntryPoint","urlTemplate":"https:\/\/publica.art\/en\/?s={search_term_string}"},"query-input":"required name=search_term_string"}],"inLanguage":"pt-BR"},{"@type":"Organization","@id":"https:\/\/publica.art\/en\/#organization","name":"publica","url":"https:\/\/publica.art\/en\/","logo":{"@type":"ImageObject","inLanguage":"pt-BR","@id":"https:\/\/publica.art\/en\/#\/schema\/logo\/image\/","url":"https:\/\/publica.art\/en\/wp-content\/uploads\/2023\/06\/site-publica-23-11.png","contentUrl":"https:\/\/publica.art\/en\/wp-content\/uploads\/2023\/06\/site-publica-23-11.png","width":259,"height":517,"caption":"publica"},"image":{"@id":"https:\/\/publica.art\/en\/#\/schema\/logo\/image\/"}}]}},"_links":{"self":[{"href":"https:\/\/publica.art\/en\/wp-json\/wp\/v2\/pages\/1830","targetHints":{"allow":["GET"]}}],"collection":[{"href":"https:\/\/publica.art\/en\/wp-json\/wp\/v2\/pages"}],"about":[{"href":"https:\/\/publica.art\/en\/wp-json\/wp\/v2\/types\/page"}],"author":[{"embeddable":true,"href":"https:\/\/publica.art\/en\/wp-json\/wp\/v2\/users\/1"}],"replies":[{"embeddable":true,"href":"https:\/\/publica.art\/en\/wp-json\/wp\/v2\/comments?post=1830"}],"version-history":[{"count":76,"href":"https:\/\/publica.art\/en\/wp-json\/wp\/v2\/pages\/1830\/revisions"}],"predecessor-version":[{"id":3686,"href":"https:\/\/publica.art\/en\/wp-json\/wp\/v2\/pages\/1830\/revisions\/3686"}],"wp:attachment":[{"href":"https:\/\/publica.art\/en\/wp-json\/wp\/v2\/media?parent=1830"}],"curies":[{"name":"wp","href":"https:\/\/api.w.org\/{rel}","templated":true}]}}